{"id":10148,"date":"2025-06-26T12:35:58","date_gmt":"2025-06-26T16:35:58","guid":{"rendered":"https:\/\/www.totalpetkitchen.com\/?page_id=10148"},"modified":"2025-07-09T10:56:37","modified_gmt":"2025-07-09T14:56:37","slug":"redaccion","status":"publish","type":"page","link":"https:\/\/www.totalpetkitchen.com\/es\/newsroom\/","title":{"rendered":"Redacci\u00f3n"},"content":{"rendered":"<section class=\"l-section wpb_row height_medium\"><div class=\"l-section-h i-cf\"><div class=\"g-cols vc_row via_grid cols_1 laptops-cols_inherit tablets-cols_inherit mobiles-cols_1 valign_top type_default stacking_default\"><div class=\"wpb_column vc_column_container\"><div class=\"vc_column-inner\"><div class=\"wpb_text_column\"><div class=\"wpb_wrapper\"><h1>Redacci\u00f3n<\/h1>\n<\/div><\/div><\/div><\/div><\/div><\/div><\/section><section class=\"l-section wpb_row height_auto\"><div class=\"l-section-h i-cf\"><div class=\"g-cols vc_row via_grid cols_2-1 laptops-cols_inherit tablets-cols_inherit mobiles-cols_1 valign_top type_default stacking_default\"><div class=\"wpb_column vc_column_container\"><div class=\"vc_column-inner\"><div class=\"wpb_text_column\"><div class=\"wpb_wrapper\"><h2>Comunicado de prensa<\/h2>\n<\/div><\/div><div class=\"wpb_text_column\"><div class=\"wpb_wrapper\"><div style=\"font-size: 28px; color: #6cb33f; line-height: 1.4;\">WySE Products lanza Total Pet Kitchen, la primera multicocina de su clase para preparar comida fresca para mascotas en casa<\/div>\n<p>&nbsp;<\/p>\n<\/div><\/div><div class=\"wpb_text_column custom-blockquote-news\"><div class=\"wpb_wrapper\"><p>Englewood Cliffs, NJ, 23 de junio de 2025 <em>(GLOBE NEWSWIRE)<\/em> - WySE Products LLC, una empresa comprometida con la redefinici\u00f3n de la nutrici\u00f3n de las mascotas, se complace en anunciar el lanzamiento de Total Pet Kitchen Multicooker (TPK), el primer aparato de encimera de su clase dise\u00f1ado espec\u00edficamente para cocinar y dispensar alimentos saludables para mascotas con ingredientes de calidad humana.<\/p>\n<p>La multicocina Total Pet Kitchen se desarroll\u00f3 a lo largo de dos a\u00f1os en colaboraci\u00f3n con chefs, veterinarios, nutricionistas, ingenieros y propietarios de mascotas. El equipo se centr\u00f3 en abordar los obst\u00e1culos comunes a las comidas caseras para mascotas, como las limitaciones de tiempo, la incertidumbre nutricional y los resultados inconsistentes. El resultado es un aparato con patente en tr\u00e1mite dise\u00f1ado para simplificar la preparaci\u00f3n de comida fresca para mascotas en casa. Todos los componentes se han dise\u00f1ado pensando en la seguridad, la eficacia y la experiencia del usuario.<\/p>\n<p>\u201cLa comida fresca puede marcar la diferencia en la salud de una mascota, pero hasta ahora no exist\u00eda una forma f\u00e1cil y pr\u00e1ctica de preparar esas comidas en casa\u201d, afirma Paul McGrath, representante de TPK. \u201cPor eso hemos invertido mucho tiempo en el desarrollo para crear un sistema que ayude a los due\u00f1os de mascotas a preparar comidas con ingredientes reales y reconocibles, que obtengan grandes resultados sea cual sea su nivel de habilidad en la cocina\u2019. Total Pet Kitchen es m\u00e1s que una cocina, es un movimiento para devolver la comida real y completa a la vida de nuestras mascotas de una forma pr\u00e1ctica para los hogares modernos.\u201d<\/p>\n<p><strong>Dise\u00f1ado para la salud de las mascotas y el uso diario<\/strong><\/p>\n<p>La multicocina TPK ofrece a los due\u00f1os de mascotas una forma m\u00e1s inteligente y eficiente de preparar comidas frescas sin el tiempo, el desorden y las conjeturas de la cocina casera tradicional. Seg\u00fan la empresa, las comidas preparadas en la Total Pet Kitchen pueden ahorrar a los due\u00f1os de mascotas hasta 75% en costes en comparaci\u00f3n con los servicios de comida a domicilio por suscripci\u00f3n. Este aparato todo en uno combina la mezcla, la cocci\u00f3n y la extrusi\u00f3n en un \u00fanico proceso racionalizado para facilitar el servicio de comida nutritiva para mascotas elaborada con ingredientes reales.<\/p>\n<p>Caracter\u00edsticas principales:<\/p>\n<ul>\n<li>Olla interior de 4,5 litros con revestimiento cer\u00e1mico sin BPA, PTFE ni PFOA<\/li>\n<li>Panel de control de f\u00e1cil lectura con indicadores de progreso iluminados.<\/li>\n<li>Cuatro ajustes programables para carne, pollo, pescado y comidas sin cereales.<\/li>\n<li>Los componentes internos de cocci\u00f3n son f\u00e1cilmente extra\u00edbles y aptos para el lavavajillas.<\/li>\n<li>Extrusi\u00f3n y dispensaci\u00f3n autom\u00e1ticas de mezcla de alimentos cocinados.<\/li>\n<li>Apoyo a las recetas mediante v\u00eddeos y gu\u00edas escritas.<\/li>\n<\/ul>\n<p>El dispositivo puede preparar hasta una semana de comida en un solo lote, lo que ayuda a los due\u00f1os de mascotas a ahorrar tiempo.<\/p>\n<p><strong>Recetas aprobadas por expertos y asistencia continua<\/strong><\/p>\n<p>M\u00e1s all\u00e1 de la multicocina, Total Pet Kitchen ofrece una creciente biblioteca de recetas revisadas por expertos y gu\u00edas disponibles a trav\u00e9s de v\u00eddeos en l\u00ednea y recursos escritos. Todos los contenidos se desarrollan y aprueban en colaboraci\u00f3n con el equipo de asesores veterinarios de TPK para ayudar a los propietarios de mascotas a preparar comidas equilibradas, seguras y adaptadas a las necesidades de su perro, ya sea para una dieta casera completa o como complemento saludable a las comidas existentes.<\/p>\n<p>Los alimentos procesados para mascotas suelen contener ingredientes de baja calidad, rellenos, conservantes artificiales y aditivos que ofrecen un valor nutricional limitado. El cambio a alimentos frescos preparados en casa, incluso como sustituci\u00f3n parcial, puede mejorar significativamente la dieta de una mascota y reducir potencialmente los costes a largo plazo asociados a una mala nutrici\u00f3n, como las frecuentes visitas al veterinario y los problemas cr\u00f3nicos de salud.<\/p>\n<p>Para ayudar a los due\u00f1os de mascotas en esta transici\u00f3n, Total Pet Kitchen ofrece materiales educativos completos, desde gu\u00edas de planificaci\u00f3n de comidas hasta tutoriales de cocina paso a paso. Estos recursos se actualizan peri\u00f3dicamente sobre la base de pruebas internas y comentarios de los usuarios para garantizar que sigan siendo pr\u00e1cticos, accesibles y acordes con las necesidades cambiantes de los hogares modernos con mascotas.<\/p>\n<p><strong>Respuesta a la creciente demanda<\/strong><\/p>\n<p>Las \u00faltimas tendencias en el cuidado de mascotas apuntan a una mayor concienciaci\u00f3n sobre los ingredientes de los alimentos comerciales para mascotas. Cada vez m\u00e1s due\u00f1os buscan alternativas que se ajusten a sus propios valores diet\u00e9ticos y prefieren los alimentos frescos e integrales a las opciones ultraprocesadas.<\/p>\n<p>Este cambio en las prioridades de los consumidores ha creado la necesidad de herramientas que apoyen pr\u00e1cticas de alimentaci\u00f3n m\u00e1s saludables sin a\u00f1adir complejidad a las rutinas diarias. La multicocina TPK satisface esta demanda con su combinaci\u00f3n de materiales seguros para los alimentos, programas de cocci\u00f3n automatizados y un dise\u00f1o f\u00e1cil de limpiar, ofreciendo una opci\u00f3n pr\u00e1ctica y f\u00e1cil de usar para los hogares centrados en mejorar el bienestar de las mascotas.<\/p>\n<p>\u201cEl lanzamiento de la olla multicocina Total Pet Kitchen refleja nuestro compromiso continuo de mejorar la forma de alimentar a las mascotas en casa\u201d, dijo McGrath. \u201cEs una soluci\u00f3n desarrollada para los due\u00f1os de mascotas modernos que valoran la salud, la seguridad y la simplicidad, y estamos muy contentos de que est\u00e9 ampliamente disponible.\u201d<\/p>\n<p>La empresa se\u00f1ala que este lanzamiento es s\u00f3lo el principio. Las pr\u00f3ximas actualizaciones seguir\u00e1n ampliando la oferta de recetas, perfeccionando la funcionalidad y a\u00f1adiendo nuevos contenidos para ayudar a los due\u00f1os a mantener a sus mascotas sanas y pr\u00f3speras.<\/p>\n<p><strong>Disponibilidad<\/strong><\/p>\n<p>La multicocina Total Pet Kitchen puede adquirirse en el sitio web de la empresa y en Amazon. Tambi\u00e9n se est\u00e1 preparando para su lanzamiento en tiendas selectas en un futuro pr\u00f3ximo. Para obtener m\u00e1s informaci\u00f3n, actualizaciones o ver las especificaciones completas del producto, visite el sitio web oficial en <a title=\"\" href=\"https:\/\/www.globenewswire.com\/Tracker?data=GJuTH2qTT5PcQYUyMMH7obRL8uc0dqAcbJQVtn05p4CMyYA7M1g2RaStowaiUtY9y9ksQIf9aqe-Thw4mhvAYN-TtQfuuVjZRxgJ7uQXWOuTLJjM1Q5sOBwKq6w8AQ6Q\" target=\"_blank\" rel=\"nofollow noopener\">http:\/\/www.totalpetkitchen.com<\/a> o p\u00f3ngase en contacto con Total Pet Kitchen por tel\u00e9fono en el (201) 603-2597.<\/p>\n<p><strong>Acerca de Total Pet Kitchen<\/strong><\/p>\n<p>Total Pet Kitchen es una marca dedicada a facilitar a los due\u00f1os de mascotas la preparaci\u00f3n de comidas caseras frescas. Nacida de experiencias personales con problemas de salud de las mascotas, la empresa desarroll\u00f3 la primera multicocina todo en uno dise\u00f1ada espec\u00edficamente para preparar comida para mascotas con ingredientes reales de calidad humana. Con funciones adaptadas a la seguridad, la sencillez y la comodidad, Total Pet Kitchen permite a los due\u00f1os tomar el control de la alimentaci\u00f3n de sus mascotas. La marca tambi\u00e9n ofrece recetas revisadas por veterinarios, gu\u00edas nutricionales y v\u00eddeos instructivos para apoyar cada paso del viaje. Total Pet Kitchen es una marca comercial de WySE Products LLC.<\/p>\n<\/div><\/div><\/div><\/div><div class=\"wpb_column vc_column_container\"><div class=\"vc_column-inner\"><div class=\"w-separator hide_on_mobiles size_custom\" style=\"height:250px\"><\/div><div class=\"wpb_text_column\"><div class=\"wpb_wrapper\"><blockquote>\n<div style=\"font-size: 22px; color: #6cb33f; margin-bottom: 30px;\">\n<p>El lanzamiento de la olla multicocina Total Pet Kitchen refleja nuestro compromiso constante con la mejora de la alimentaci\u00f3n de las mascotas en casa ...<\/p>\n<\/div>\n<div style=\"font-size: 22px; color: #6cb33f;\">... Es una soluci\u00f3n desarrollada para los due\u00f1os de mascotas modernos que valoran la salud, la seguridad y la simplicidad, y estamos encantados de que est\u00e9 ampliamente disponible.<\/div>\n<\/blockquote>\n<\/div><\/div><\/div><\/div><\/div><\/div><\/section><section class=\"l-section wpb_row height_medium width_full\"><div class=\"l-section-h i-cf\"><div class=\"g-cols vc_row via_grid cols_1 laptops-cols_inherit tablets-cols_inherit mobiles-cols_1 valign_top type_default stacking_default\"><div class=\"wpb_column vc_column_container\"><div class=\"vc_column-inner\"><div class=\"wpb_text_column us_custom_c097cd2b\"><div class=\"wpb_wrapper\"><h3 style=\"text-align: center; color: #006935;\">Visto en<\/h3>\n<\/div><\/div><div class=\"w-html\"><div class=\"as-seen-on\">\n  <div class=\"logos-wrapper\">\n    <div class=\"logos-track\">\n      <img decoding=\"async\" src=\"https:\/\/www.totalpetkitchen.com\/wp-content\/uploads\/2025\/07\/nbc.png\" alt=\"NBC\" \/>\n      <img decoding=\"async\" src=\"https:\/\/www.totalpetkitchen.com\/wp-content\/uploads\/2025\/07\/fox-news.png\" alt=\"Noticias Fox\" \/>\n       <img decoding=\"async\" src=\"https:\/\/www.totalpetkitchen.com\/wp-content\/uploads\/2025\/07\/yahoo-finance.png\" alt=\"Yahoo Finanzas\" \/>\n      <img decoding=\"async\" src=\"https:\/\/www.totalpetkitchen.com\/wp-content\/uploads\/2025\/07\/ap.png\" alt=\"Associated Press (AP)\" \/>\n       <img decoding=\"async\" src=\"https:\/\/www.totalpetkitchen.com\/wp-content\/uploads\/2025\/07\/ibt.png\" alt=\"International Business Times\" \/>\n       <img decoding=\"async\" src=\"https:\/\/www.totalpetkitchen.com\/wp-content\/uploads\/2025\/07\/abc.png\" alt=\"ABC\" \/>\n    <img decoding=\"async\" src=\"https:\/\/www.totalpetkitchen.com\/wp-content\/uploads\/2025\/07\/street-insider.png\" alt=\"Street Insider\" \/>\n    <img decoding=\"async\" src=\"https:\/\/www.totalpetkitchen.com\/wp-content\/uploads\/2025\/07\/national-post.png\" alt=\"National Post\" \/>\n      <img decoding=\"async\" src=\"https:\/\/www.totalpetkitchen.com\/wp-content\/uploads\/2025\/07\/market-watch.png\" alt=\"Observaci\u00f3n del mercado\" \/>\n      <img decoding=\"async\" src=\"https:\/\/www.totalpetkitchen.com\/wp-content\/uploads\/2025\/07\/business-insider.png\" alt=\"Observaci\u00f3n del mercado\" \/>\n      <!-- Repeat as needed for infinite scroll effect -->\n <img decoding=\"async\" src=\"https:\/\/www.totalpetkitchen.com\/wp-content\/uploads\/2025\/07\/nbc.png\" alt=\"NBC\" \/>\n      <img decoding=\"async\" src=\"https:\/\/www.totalpetkitchen.com\/wp-content\/uploads\/2025\/07\/fox-news.png\" alt=\"Noticias Fox\" \/>\n       <img decoding=\"async\" src=\"https:\/\/www.totalpetkitchen.com\/wp-content\/uploads\/2025\/07\/yahoo-finance.png\" alt=\"Yahoo Finanzas\" \/>\n      <img decoding=\"async\" src=\"https:\/\/www.totalpetkitchen.com\/wp-content\/uploads\/2025\/07\/ap.png\" alt=\"Associated Press (AP)\" \/>\n       <img decoding=\"async\" src=\"https:\/\/www.totalpetkitchen.com\/wp-content\/uploads\/2025\/07\/ibt.png\" alt=\"International Business Times\" \/>\n       <img decoding=\"async\" src=\"https:\/\/www.totalpetkitchen.com\/wp-content\/uploads\/2025\/07\/abc.png\" alt=\"ABC\" \/>\n    <img decoding=\"async\" src=\"https:\/\/www.totalpetkitchen.com\/wp-content\/uploads\/2025\/07\/street-insider.png\" alt=\"Street Insider\" \/>\n    <img decoding=\"async\" src=\"https:\/\/www.totalpetkitchen.com\/wp-content\/uploads\/2025\/07\/national-post.png\" alt=\"National Post\" \/>\n      <img decoding=\"async\" src=\"https:\/\/www.totalpetkitchen.com\/wp-content\/uploads\/2025\/07\/market-watch.png\" alt=\"Observaci\u00f3n del mercado\" \/>\n      <img decoding=\"async\" src=\"https:\/\/www.totalpetkitchen.com\/wp-content\/uploads\/2025\/07\/business-insider.png\" alt=\"Observaci\u00f3n del mercado\" \/>\n    <\/div>\n<\/div>\n<\/div><\/div><\/div><\/div><\/div><\/div><\/section>","protected":false},"excerpt":{"rendered":"Newsroom Press Release WySE Products Launches Total Pet Kitchen, The First-of-Its-Kind Multicooker for Fresh Pet Food Preparation at Home &nbsp; Englewood Cliffs, NJ, June 23, 2025 (GLOBE NEWSWIRE) &#8212; WySE Products LLC, a company committed to redefining pet nutrition, is pleased to announce the launch of Total Pet Kitchen Multicooker (TPK), the first-of-its-kind countertop appliance...","protected":false},"author":1,"featured_media":0,"parent":0,"menu_order":0,"comment_status":"closed","ping_status":"closed","template":"","meta":{"_acf_changed":false,"footnotes":""},"class_list":["post-10148","page","type-page","status-publish","hentry"],"acf":[],"aioseo_notices":[],"_links":{"self":[{"href":"https:\/\/www.totalpetkitchen.com\/es\/wp-json\/wp\/v2\/pages\/10148","targetHints":{"allow":["GET"]}}],"collection":[{"href":"https:\/\/www.totalpetkitchen.com\/es\/wp-json\/wp\/v2\/pages"}],"about":[{"href":"https:\/\/www.totalpetkitchen.com\/es\/wp-json\/wp\/v2\/types\/page"}],"author":[{"embeddable":true,"href":"https:\/\/www.totalpetkitchen.com\/es\/wp-json\/wp\/v2\/users\/1"}],"replies":[{"embeddable":true,"href":"https:\/\/www.totalpetkitchen.com\/es\/wp-json\/wp\/v2\/comments?post=10148"}],"version-history":[{"count":0,"href":"https:\/\/www.totalpetkitchen.com\/es\/wp-json\/wp\/v2\/pages\/10148\/revisions"}],"wp:attachment":[{"href":"https:\/\/www.totalpetkitchen.com\/es\/wp-json\/wp\/v2\/media?parent=10148"}],"curies":[{"name":"wp","href":"https:\/\/api.w.org\/{rel}","templated":true}]}}