{"id":11343,"date":"2025-03-01T13:14:54","date_gmt":"2025-03-01T18:14:54","guid":{"rendered":"https:\/\/www.totalpetkitchen.com\/sobre-nosotros\/"},"modified":"2026-02-17T19:44:54","modified_gmt":"2026-02-18T00:44:54","slug":"sobre-nosotros","status":"publish","type":"page","link":"https:\/\/www.totalpetkitchen.com\/es\/sobre-nosotros\/","title":{"rendered":"Sobre nosotros"},"content":{"rendered":"<section class=\"l-section wpb_row height_medium\"><div class=\"l-section-h i-cf\"><div class=\"g-cols vc_row via_grid cols_1 laptops-cols_inherit tablets-cols_inherit mobiles-cols_1 valign_top type_default stacking_default\"><div class=\"wpb_column vc_column_container\"><div class=\"vc_column-inner\"><div class=\"wpb_text_column\"><div class=\"wpb_wrapper\"><h1>Sobre nosotros<\/h1>\n<\/div><\/div><\/div><\/div><\/div><\/div><\/section><section class=\"l-section wpb_row height_auto\"><div class=\"l-section-h i-cf\"><div class=\"g-cols vc_row via_grid cols_1 laptops-cols_inherit tablets-cols_inherit mobiles-cols_1 valign_top type_default stacking_default\"><div class=\"wpb_column vc_column_container\"><div class=\"vc_column-inner\"><div class=\"wpb_text_column\"><div class=\"wpb_wrapper\"><div style=\"font-size: 18px; line-height: 120%;\">\n<p><span>En Total Pet Kitchen, creemos que la comida fresca no es solo para humanos, tambi\u00e9n es la clave para una vida m\u00e1s sana y feliz para nuestras mascotas. Por eso, nuestra misi\u00f3n es que a los due\u00f1os de mascotas les resulte m\u00e1s f\u00e1cil que nunca preparar comidas frescas y nutritivas en casa.<\/span><\/p>\n<p><span>Como tantos due\u00f1os de mascotas, hemos experimentado el dolor de perder a perros queridos a causa del c\u00e1ncer. Durante a\u00f1os, confiamos en el pienso y la comida enlatada, creyendo que eran seguros y c\u00f3modos, hasta que fue demasiado tarde. Cuando nos enfrentamos a problemas de salud graves, recurrimos a las comidas caseras, esperando que la comida fresca pudiera marcar la diferencia. Pero el proceso era lento, engorroso y dif\u00edcil de hacer bien siempre.<\/span><\/p>\n<p><span>Decididos a encontrar una forma mejor, combinamos nuestra experiencia en ingenier\u00eda y fabricaci\u00f3n para crear Total Pet Kitchen, una soluci\u00f3n todo en uno que facilita la preparaci\u00f3n de comida fresca para mascotas, tanto si les das comidas completas como si solo a\u00f1ades aderezos frescos a su cuenco.<\/span><\/p>\n<p><span>Sabemos que no todos los due\u00f1os de mascotas est\u00e1n listos para abandonar el pienso por completo, y eso est\u00e1 bien. Incluso a\u00f1adir comida fresca como aderezo puede marcar la diferencia. La clave es dar a los due\u00f1os de mascotas el control sobre lo que comen sus animales: ingredientes reales y completos en lugar de alternativas procesadas y enlatadas.<\/span><\/p>\n<p><span><a href=\"https:\/\/www.totalpetkitchen.com\/es\/shop\/cocina-total-pet\/\">Total Pet Kitchen<\/a> se basa en el amor, la ciencia y la creencia de que nuestras mascotas merecen algo mejor. \u00danete a nosotros para <a href=\"https:\/\/www.totalpetkitchen.com\/es\/nutricion-de-mascotas-salud\/\">redefinir la nutrici\u00f3n de las mascotas<\/a>, una comida fresca a la vez.<\/span><\/p>\n<\/div>\n<\/div><\/div><div class=\"w-separator size_small\"><\/div><\/div><\/div><\/div><\/div><\/section>","protected":false},"excerpt":{"rendered":"Sobre nosotros En Total Pet Kitchen, creemos que la comida fresca no es solo para humanos, tambi\u00e9n es la clave para una vida m\u00e1s sana y feliz para nuestras mascotas. Por eso, nuestra misi\u00f3n es que a los due\u00f1os de mascotas les resulte m\u00e1s f\u00e1cil que nunca preparar comidas frescas y nutritivas en casa. Como...","protected":false},"author":1,"featured_media":0,"parent":0,"menu_order":0,"comment_status":"closed","ping_status":"closed","template":"","meta":{"_acf_changed":false,"footnotes":""},"class_list":["post-11343","page","type-page","status-publish","hentry"],"acf":[],"aioseo_notices":[],"_links":{"self":[{"href":"https:\/\/www.totalpetkitchen.com\/es\/wp-json\/wp\/v2\/pages\/11343","targetHints":{"allow":["GET"]}}],"collection":[{"href":"https:\/\/www.totalpetkitchen.com\/es\/wp-json\/wp\/v2\/pages"}],"about":[{"href":"https:\/\/www.totalpetkitchen.com\/es\/wp-json\/wp\/v2\/types\/page"}],"author":[{"embeddable":true,"href":"https:\/\/www.totalpetkitchen.com\/es\/wp-json\/wp\/v2\/users\/1"}],"replies":[{"embeddable":true,"href":"https:\/\/www.totalpetkitchen.com\/es\/wp-json\/wp\/v2\/comments?post=11343"}],"version-history":[{"count":1,"href":"https:\/\/www.totalpetkitchen.com\/es\/wp-json\/wp\/v2\/pages\/11343\/revisions"}],"predecessor-version":[{"id":11346,"href":"https:\/\/www.totalpetkitchen.com\/es\/wp-json\/wp\/v2\/pages\/11343\/revisions\/11346"}],"wp:attachment":[{"href":"https:\/\/www.totalpetkitchen.com\/es\/wp-json\/wp\/v2\/media?parent=11343"}],"curies":[{"name":"wp","href":"https:\/\/api.w.org\/{rel}","templated":true}]}}