{"id":11381,"date":"2025-01-28T22:55:00","date_gmt":"2025-01-29T03:55:00","guid":{"rendered":"https:\/\/www.totalpetkitchen.com\/garantia\/"},"modified":"2026-02-18T16:55:34","modified_gmt":"2026-02-18T21:55:34","slug":"garantia","status":"publish","type":"page","link":"https:\/\/www.totalpetkitchen.com\/es\/garantia\/","title":{"rendered":"Garant\u00eda"},"content":{"rendered":"<section class=\"l-section wpb_row height_medium\"><div class=\"l-section-h i-cf\"><div class=\"g-cols vc_row via_grid cols_1 laptops-cols_inherit tablets-cols_inherit mobiles-cols_1 valign_top type_default stacking_default\"><div class=\"wpb_column vc_column_container\"><div class=\"vc_column-inner\"><div class=\"wpb_text_column us_custom_37f62cf4\"><div class=\"wpb_wrapper\"><h1><strong>Garant\u00eda de Total Pet Kitchen<\/strong><\/h1>\n<p>Gracias por comprar Total Pet Kitchen. Nos comprometemos a ofrecer productos de alta calidad y a garantizar tu satisfacci\u00f3n. Esta declaraci\u00f3n de garant\u00eda describe los t\u00e9rminos y condiciones de la cobertura de garant\u00eda proporcionada por WySE Products para tu producto.  <\/p>\n<hr>\n<h3><strong>1. Cobertura de la garant\u00eda<\/strong><\/h3>\n<p>WySE Products garantiza que el dispositivo de cocci\u00f3n Total Pet Kitchen estar\u00e1 libre de defectos de materiales y mano de obra, en condiciones normales de uso y servicio, durante un periodo de 1 a\u00f1o a partir de la fecha de compra.<\/p>\n<p><strong>Esta garant\u00eda cubre:<\/strong><\/p>\n<ul>\n<li>Defectos de materiales y mano de obra.<\/li>\n<li>Fallo del producto al funcionar seg\u00fan lo previsto debido a errores de fabricaci\u00f3n.<\/li>\n<\/ul>\n<p><strong>Esta garant\u00eda no cubre:<\/strong><\/p>\n<ul>\n<li>Da\u00f1os causados por uso indebido, mal uso, negligencia o mantenimiento inadecuado.<\/li>\n<li>Modificaciones, reparaciones o alteraciones no autorizadas.<\/li>\n<li>Desgaste normal.<\/li>\n<li>Da\u00f1os accidentales, incluidos, entre otros, ca\u00eddas, derrames o impactos.<\/li>\n<li>Da\u00f1os causados por factores externos, como condiciones ambientales extremas o subidas de tensi\u00f3n.<\/li>\n<\/ul>\n<hr>\n<h3><strong>2. Proceso de reclamaci\u00f3n de la garant\u00eda<\/strong><\/h3>\n<p>Si crees que tu producto es defectuoso y cumple los requisitos para la cobertura de la garant\u00eda, sigue estos pasos:<\/p>\n<ol>\n<li><strong>Contacta con Atenci\u00f3n al Cliente:<\/strong> Ponte en contacto con nuestro equipo de atenci\u00f3n al cliente en <strong>contact@wyseproducts.com<\/strong> o en el <strong>(201) 603-2597<\/strong>. Facilita el comprobante de compra, una descripci\u00f3n del problema y, si procede, cualquier fotograf\u00eda relevante. <\/li>\n<li><strong>Evaluaci\u00f3n:<\/strong> Nuestro equipo evaluar\u00e1 tu reclamaci\u00f3n para determinar si el producto cumple los requisitos para la cobertura de la garant\u00eda. Es posible que solicitemos informaci\u00f3n adicional o que te pidamos que env\u00edes el producto a nuestro centro de servicio para su inspecci\u00f3n. <\/li>\n<li><strong>Resoluci\u00f3n:<\/strong> Si se considera que el producto es defectuoso y cumple los requisitos de la garant\u00eda, a nuestra discreci\u00f3n, repararemos o sustituiremos el producto sin coste adicional para ti.<\/li>\n<\/ol>\n<hr>\n<h3><strong>3. Limitaciones de responsabilidad<\/strong><\/h3>\n<p>Esta garant\u00eda es el \u00fanico recurso proporcionado por WySE Products. En la m\u00e1xima medida permitida por la ley: <\/p>\n<ul>\n<li>WySE Products no ser\u00e1 responsable de da\u00f1os incidentales, consecuentes o indirectos derivados del uso o de la imposibilidad de usar el producto.<\/li>\n<li>La cobertura de la garant\u00eda se limita al comprador original y no es transferible.<\/li>\n<li>Esta garant\u00eda te otorga derechos legales espec\u00edficos, y tambi\u00e9n puedes tener otros derechos que variar\u00edan seg\u00fan la jurisdicci\u00f3n.<\/li>\n<\/ul>\n<hr>\n<h3><strong>4. Asistencia adicional<\/strong><\/h3>\n<p>Si tienes preguntas sobre tu producto o esta garant\u00eda, ponte en contacto con nosotros en:<\/p>\n<p><strong>WySE Products LLC<\/strong><br \/>\n<a href=\"mailto:contact@wyseproducts.com\">contact@wyseproducts.com<\/a><br \/>\n(201) 603-2597<\/p>\n<p>560 Sylvan Ave, Suite 1133<br \/>\nEnglewood Cliffs NJ 07632<\/p>\n<hr>\n<p>Gracias por elegir WySE Products. Estamos aqu\u00ed para garantizar tu satisfacci\u00f3n con Total Pet Kitchen y agradecemos tu confianza en nuestros productos.<\/p>\n<\/div><\/div><\/div><\/div><\/div><\/div><\/section>","protected":false},"excerpt":{"rendered":"Garant\u00eda de Total Pet Kitchen Gracias por comprar Total Pet Kitchen. Nos comprometemos a ofrecer productos de alta calidad y a garantizar tu satisfacci\u00f3n. Esta declaraci\u00f3n de garant\u00eda describe los t\u00e9rminos y condiciones de la cobertura de garant\u00eda proporcionada por WySE Products para tu producto. 1. Cobertura de la garant\u00eda WySE Products garantiza que el...","protected":false},"author":1,"featured_media":0,"parent":0,"menu_order":0,"comment_status":"closed","ping_status":"open","template":"","meta":{"_acf_changed":false,"footnotes":""},"class_list":["post-11381","page","type-page","status-publish","hentry"],"acf":[],"aioseo_notices":[],"_links":{"self":[{"href":"https:\/\/www.totalpetkitchen.com\/es\/wp-json\/wp\/v2\/pages\/11381","targetHints":{"allow":["GET"]}}],"collection":[{"href":"https:\/\/www.totalpetkitchen.com\/es\/wp-json\/wp\/v2\/pages"}],"about":[{"href":"https:\/\/www.totalpetkitchen.com\/es\/wp-json\/wp\/v2\/types\/page"}],"author":[{"embeddable":true,"href":"https:\/\/www.totalpetkitchen.com\/es\/wp-json\/wp\/v2\/users\/1"}],"replies":[{"embeddable":true,"href":"https:\/\/www.totalpetkitchen.com\/es\/wp-json\/wp\/v2\/comments?post=11381"}],"version-history":[{"count":2,"href":"https:\/\/www.totalpetkitchen.com\/es\/wp-json\/wp\/v2\/pages\/11381\/revisions"}],"predecessor-version":[{"id":11383,"href":"https:\/\/www.totalpetkitchen.com\/es\/wp-json\/wp\/v2\/pages\/11381\/revisions\/11383"}],"wp:attachment":[{"href":"https:\/\/www.totalpetkitchen.com\/es\/wp-json\/wp\/v2\/media?parent=11381"}],"curies":[{"name":"wp","href":"https:\/\/api.w.org\/{rel}","templated":true}]}}