{"id":7953,"date":"2024-10-29T01:11:25","date_gmt":"2024-10-29T01:11:25","guid":{"rendered":"https:\/\/www.totalpetkitchen.com\/?page_id=7953"},"modified":"2025-08-11T16:44:22","modified_gmt":"2025-08-11T20:44:22","slug":"tpk","status":"publish","type":"page","link":"https:\/\/www.totalpetkitchen.com\/es\/tpk\/","title":{"rendered":"Producto"},"content":{"rendered":"<section class=\"l-section wpb_row height_small\"><div class=\"l-section-h i-cf\"><div class=\"g-cols vc_row via_grid cols_5-1 laptops-cols_inherit tablets-cols_inherit mobiles-cols_1 valign_top type_default stacking_default\"><div class=\"wpb_column vc_column_container\"><div class=\"vc_column-inner\"><div class=\"w-btn-wrapper align_left\"><a class=\"w-btn us-btn-style_6\" href=\"https:\/\/www.totalpetkitchen.com\/es\/informacion-del-producto\/\"><span class=\"w-btn-label\">Descubra Total Pet Kitchen<\/span><\/a><\/div><div class=\"w-separator size_small\"><\/div><div class=\"wpb_text_column\"><div class=\"wpb_wrapper\"><div style=\"font-size: 18px; line-height: 120%;\">\n<p>El principal problema de salud de los perros es la obesidad.<\/p>\n<p>Casi el 60% de los perros en Estados Unidos tienen sobrepeso. La raz\u00f3n es sencilla: demasiada comida procesada. Es malo para las personas y es muy malo para los perros.<\/p>\n<p>La Cocina Total para Mascotas es r\u00e1pida, f\u00e1cil de usar y la \u00fanica forma de garantizar que su perro reciba una comida sana elaborada con los mejores ingredientes frescos disponibles. S\u00f3lo tiene que a\u00f1adir sus ingredientes frescos, pulsar un bot\u00f3n y en menos de una hora podr\u00eda tener toda una semana de comida fresca para su perro.<\/p>\n<p>Si prepara comida fresca para su mascota en casa, elimina el procesado en f\u00e1brica, los rellenos, los aditivos y los subproductos que pueden hacerle m\u00e1s mal que bien.<\/p>\n<p>Total Pet Kitchen es la \u00fanica manera de saber realmente lo que come su perro.<\/p>\n<\/div>\n<\/div><\/div><div class=\"w-image align_left\"><div class=\"w-image-h\"><img decoding=\"async\" width=\"1200\" height=\"782\" src=\"https:\/\/www.totalpetkitchen.com\/wp-content\/uploads\/2024\/11\/tpk-product-page-feature3.png\" class=\"attachment-full size-full\" alt=\"\" loading=\"lazy\" srcset=\"https:\/\/www.totalpetkitchen.com\/wp-content\/uploads\/2024\/11\/tpk-product-page-feature3.png 1200w, https:\/\/www.totalpetkitchen.com\/wp-content\/uploads\/2024\/11\/tpk-product-page-feature3-350x228.png 350w, https:\/\/www.totalpetkitchen.com\/wp-content\/uploads\/2024\/11\/tpk-product-page-feature3-650x424.png 650w, https:\/\/www.totalpetkitchen.com\/wp-content\/uploads\/2024\/11\/tpk-product-page-feature3-300x196.png 300w, https:\/\/www.totalpetkitchen.com\/wp-content\/uploads\/2024\/11\/tpk-product-page-feature3-1024x667.png 1024w, https:\/\/www.totalpetkitchen.com\/wp-content\/uploads\/2024\/11\/tpk-product-page-feature3-107x70.png 107w, https:\/\/www.totalpetkitchen.com\/wp-content\/uploads\/2024\/11\/tpk-product-page-feature3-92x60.png 92w, https:\/\/www.totalpetkitchen.com\/wp-content\/uploads\/2024\/11\/tpk-product-page-feature3-46x30.png 46w, https:\/\/www.totalpetkitchen.com\/wp-content\/uploads\/2024\/11\/tpk-product-page-feature3-600x391.png 600w, https:\/\/www.totalpetkitchen.com\/wp-content\/uploads\/2024\/11\/tpk-product-page-feature3-500x326.png 500w, https:\/\/www.totalpetkitchen.com\/wp-content\/uploads\/2024\/11\/tpk-product-page-feature3-420x274.png 420w, https:\/\/www.totalpetkitchen.com\/wp-content\/uploads\/2024\/11\/tpk-product-page-feature3-475x310.png 475w, https:\/\/www.totalpetkitchen.com\/wp-content\/uploads\/2024\/11\/tpk-product-page-feature3-250x163.png 250w\" sizes=\"auto, (max-width: 1200px) 100vw, 1200px\" \/><\/div><\/div><\/div><\/div><div class=\"wpb_column vc_column_container\"><div class=\"vc_column-inner\"><div class=\"w-separator size_custom\" style=\"height:500px\"><\/div><div class=\"w-image us_custom_af555be4 align_center\"><div class=\"w-image-h\"><img decoding=\"async\" width=\"256\" height=\"90\" src=\"https:\/\/www.totalpetkitchen.com\/wp-content\/uploads\/2020\/06\/Total-Pet-Kitchen-Logo-Footer-1.png\" class=\"attachment-full size-full\" alt=\"\" loading=\"lazy\" srcset=\"https:\/\/www.totalpetkitchen.com\/wp-content\/uploads\/2020\/06\/Total-Pet-Kitchen-Logo-Footer-1.png 256w, https:\/\/www.totalpetkitchen.com\/wp-content\/uploads\/2020\/06\/Total-Pet-Kitchen-Logo-Footer-1-200x70.png 200w, https:\/\/www.totalpetkitchen.com\/wp-content\/uploads\/2020\/06\/Total-Pet-Kitchen-Logo-Footer-1-150x53.png 150w, https:\/\/www.totalpetkitchen.com\/wp-content\/uploads\/2020\/06\/Total-Pet-Kitchen-Logo-Footer-1-50x18.png 50w, https:\/\/www.totalpetkitchen.com\/wp-content\/uploads\/2020\/06\/Total-Pet-Kitchen-Logo-Footer-1-125x44.png 125w\" sizes=\"auto, (max-width: 256px) 100vw, 256px\" \/><\/div><\/div><div class=\"w-separator size_small\"><\/div><div class=\"w-btn-wrapper align_right\"><a class=\"w-btn us-btn-style_1\" href=\"https:\/\/www.totalpetkitchen.com\/es\/shop\/cocina-total-pet\/\"><span class=\"w-btn-label\">A\u00f1adir a la cesta<\/span><\/a><\/div><\/div><\/div><\/div><\/div><\/section><section class=\"l-section wpb_row height_auto\"><div class=\"l-section-h i-cf\"><div class=\"g-cols vc_row via_grid cols_1 laptops-cols_inherit tablets-cols_inherit mobiles-cols_1 valign_top type_default stacking_default\"><div class=\"wpb_column vc_column_container\"><div class=\"vc_column-inner\"><div class=\"wpb_text_column\"><div class=\"wpb_wrapper\"><h3 style=\"margin-bottom: 15px;\">Caracter\u00edsticas<\/h3>\n<\/div><\/div><\/div><\/div><\/div><\/div><\/section><section class=\"l-section wpb_row us_custom_5e798d73 height_small\"><div class=\"l-section-h i-cf\"><div class=\"g-cols vc_row via_grid cols_3 laptops-cols_inherit tablets-cols_inherit mobiles-cols_1 valign_top type_default stacking_default\"><div class=\"wpb_column vc_column_container\"><div class=\"vc_column-inner\"><div class=\"w-image align_center\"><div class=\"w-image-h\"><img decoding=\"async\" width=\"350\" height=\"314\" src=\"https:\/\/www.totalpetkitchen.com\/wp-content\/uploads\/2025\/02\/tpk-product-page-thumbnail1B-350x314.png\" class=\"attachment-us_350_325 size-us_350_325\" alt=\"Total Pet Kitchen\" loading=\"lazy\" srcset=\"https:\/\/www.totalpetkitchen.com\/wp-content\/uploads\/2025\/02\/tpk-product-page-thumbnail1B-350x314.png 350w, https:\/\/www.totalpetkitchen.com\/wp-content\/uploads\/2025\/02\/tpk-product-page-thumbnail1B-300x269.png 300w, https:\/\/www.totalpetkitchen.com\/wp-content\/uploads\/2025\/02\/tpk-product-page-thumbnail1B-78x70.png 78w, https:\/\/www.totalpetkitchen.com\/wp-content\/uploads\/2025\/02\/tpk-product-page-thumbnail1B-67x60.png 67w, https:\/\/www.totalpetkitchen.com\/wp-content\/uploads\/2025\/02\/tpk-product-page-thumbnail1B-223x200.png 223w, https:\/\/www.totalpetkitchen.com\/wp-content\/uploads\/2025\/02\/tpk-product-page-thumbnail1B-33x30.png 33w, https:\/\/www.totalpetkitchen.com\/wp-content\/uploads\/2025\/02\/tpk-product-page-thumbnail1B-446x400.png 446w, https:\/\/www.totalpetkitchen.com\/wp-content\/uploads\/2025\/02\/tpk-product-page-thumbnail1B-458x410.png 458w, https:\/\/www.totalpetkitchen.com\/wp-content\/uploads\/2025\/02\/tpk-product-page-thumbnail1B-420x376.png 420w, https:\/\/www.totalpetkitchen.com\/wp-content\/uploads\/2025\/02\/tpk-product-page-thumbnail1B-475x426.png 475w, https:\/\/www.totalpetkitchen.com\/wp-content\/uploads\/2025\/02\/tpk-product-page-thumbnail1B-250x224.png 250w, https:\/\/www.totalpetkitchen.com\/wp-content\/uploads\/2025\/02\/tpk-product-page-thumbnail1B-100x90.png 100w, https:\/\/www.totalpetkitchen.com\/wp-content\/uploads\/2025\/02\/tpk-product-page-thumbnail1B-70x63.png 70w, https:\/\/www.totalpetkitchen.com\/wp-content\/uploads\/2025\/02\/tpk-product-page-thumbnail1B.png 500w\" sizes=\"auto, (max-width: 350px) 100vw, 350px\" \/><\/div><\/div><div class=\"wpb_text_column\"><div class=\"wpb_wrapper\"><p style=\"text-align: center; font-size: 13px; padding: 10px;\">Total Pet Kitchen todo en uno mezcla y prepara la comida por usted<\/p>\n<\/div><\/div><\/div><\/div><div class=\"wpb_column vc_column_container\"><div class=\"vc_column-inner\"><div class=\"w-image align_center\"><div class=\"w-image-h\"><img decoding=\"async\" width=\"350\" height=\"314\" src=\"https:\/\/www.totalpetkitchen.com\/wp-content\/uploads\/2024\/11\/tpk-product-page-thumblain2-350x314.png\" class=\"attachment-us_350_325 size-us_350_325\" alt=\"\" loading=\"lazy\" srcset=\"https:\/\/www.totalpetkitchen.com\/wp-content\/uploads\/2024\/11\/tpk-product-page-thumblain2-350x314.png 350w, https:\/\/www.totalpetkitchen.com\/wp-content\/uploads\/2024\/11\/tpk-product-page-thumblain2-300x269.png 300w, https:\/\/www.totalpetkitchen.com\/wp-content\/uploads\/2024\/11\/tpk-product-page-thumblain2-78x70.png 78w, https:\/\/www.totalpetkitchen.com\/wp-content\/uploads\/2024\/11\/tpk-product-page-thumblain2-67x60.png 67w, https:\/\/www.totalpetkitchen.com\/wp-content\/uploads\/2024\/11\/tpk-product-page-thumblain2-223x200.png 223w, https:\/\/www.totalpetkitchen.com\/wp-content\/uploads\/2024\/11\/tpk-product-page-thumblain2-33x30.png 33w, https:\/\/www.totalpetkitchen.com\/wp-content\/uploads\/2024\/11\/tpk-product-page-thumblain2-446x400.png 446w, https:\/\/www.totalpetkitchen.com\/wp-content\/uploads\/2024\/11\/tpk-product-page-thumblain2-458x410.png 458w, https:\/\/www.totalpetkitchen.com\/wp-content\/uploads\/2024\/11\/tpk-product-page-thumblain2-420x376.png 420w, https:\/\/www.totalpetkitchen.com\/wp-content\/uploads\/2024\/11\/tpk-product-page-thumblain2-475x426.png 475w, https:\/\/www.totalpetkitchen.com\/wp-content\/uploads\/2024\/11\/tpk-product-page-thumblain2-250x224.png 250w, https:\/\/www.totalpetkitchen.com\/wp-content\/uploads\/2024\/11\/tpk-product-page-thumblain2.png 500w\" sizes=\"auto, (max-width: 350px) 100vw, 350px\" \/><\/div><\/div><div class=\"wpb_text_column\"><div class=\"wpb_wrapper\"><p style=\"text-align: center; font-size: 13px; padding: 10px;\">Prepare suficiente para la semana y gu\u00e1rdelo en el refrigerador o el congelador<\/p>\n<\/div><\/div><\/div><\/div><div class=\"wpb_column vc_column_container\"><div class=\"vc_column-inner\"><div class=\"w-image align_center\"><div class=\"w-image-h\"><img decoding=\"async\" width=\"350\" height=\"314\" src=\"https:\/\/www.totalpetkitchen.com\/wp-content\/uploads\/2024\/11\/tpk-product-page-thumblain3-350x314.png\" class=\"attachment-us_350_325 size-us_350_325\" alt=\"\" loading=\"lazy\" srcset=\"https:\/\/www.totalpetkitchen.com\/wp-content\/uploads\/2024\/11\/tpk-product-page-thumblain3-350x314.png 350w, https:\/\/www.totalpetkitchen.com\/wp-content\/uploads\/2024\/11\/tpk-product-page-thumblain3-300x269.png 300w, https:\/\/www.totalpetkitchen.com\/wp-content\/uploads\/2024\/11\/tpk-product-page-thumblain3-78x70.png 78w, https:\/\/www.totalpetkitchen.com\/wp-content\/uploads\/2024\/11\/tpk-product-page-thumblain3-67x60.png 67w, https:\/\/www.totalpetkitchen.com\/wp-content\/uploads\/2024\/11\/tpk-product-page-thumblain3-223x200.png 223w, https:\/\/www.totalpetkitchen.com\/wp-content\/uploads\/2024\/11\/tpk-product-page-thumblain3-33x30.png 33w, https:\/\/www.totalpetkitchen.com\/wp-content\/uploads\/2024\/11\/tpk-product-page-thumblain3-446x400.png 446w, https:\/\/www.totalpetkitchen.com\/wp-content\/uploads\/2024\/11\/tpk-product-page-thumblain3-458x410.png 458w, https:\/\/www.totalpetkitchen.com\/wp-content\/uploads\/2024\/11\/tpk-product-page-thumblain3-420x376.png 420w, https:\/\/www.totalpetkitchen.com\/wp-content\/uploads\/2024\/11\/tpk-product-page-thumblain3-475x426.png 475w, https:\/\/www.totalpetkitchen.com\/wp-content\/uploads\/2024\/11\/tpk-product-page-thumblain3-250x224.png 250w, https:\/\/www.totalpetkitchen.com\/wp-content\/uploads\/2024\/11\/tpk-product-page-thumblain3.png 500w\" sizes=\"auto, (max-width: 350px) 100vw, 350px\" \/><\/div><\/div><div class=\"wpb_text_column\"><div class=\"wpb_wrapper\"><p style=\"text-align: center; font-size: 13px; padding: 10px;\">F\u00e1cil de limpiar<\/p>\n<\/div><\/div><\/div><\/div><\/div><\/div><\/section><section class=\"l-section wpb_row height_small\"><div class=\"l-section-h i-cf\"><div class=\"g-cols vc_row via_grid cols_1 laptops-cols_inherit tablets-cols_inherit mobiles-cols_1 valign_top type_default stacking_default\"><div class=\"wpb_column vc_column_container\"><div class=\"vc_column-inner\"><div class=\"wpb_text_column\"><div class=\"wpb_wrapper\"><h3 style=\"margin-bottom: -15px;\">Informaci\u00f3n sobre el producto<\/h3>\n<\/div><\/div><\/div><\/div><\/div><\/div><\/section><section class=\"l-section wpb_row height_auto\"><div class=\"l-section-h i-cf\"><div class=\"g-cols vc_row via_grid cols_1 laptops-cols_inherit tablets-cols_inherit mobiles-cols_1 valign_top type_default stacking_default\"><div class=\"wpb_column vc_column_container\"><div class=\"vc_column-inner\"><div class=\"wpb_text_column\"><div class=\"wpb_wrapper\"><p style=\"font-size: 14px;\"><strong>Descripci\u00f3n del producto<\/strong><br \/>\nWySE Total Pet Kitchen es un robot de cocina todo en uno. Prepare sin esfuerzo comidas de calidad de restaurante para su mascota con este aparato de cocina f\u00e1cil de usar. Cocina,<br \/>\nmezcla y dispensa comida para mascotas de calidad humana desde la comodidad de su hogar. Alimento nutritivo para mascotas a partir de ingredientes frescos de prote\u00ednas (carnes), verduras, granos,<br \/>\ny l\u00edquido. Le permite preparar la comida de su mascota para toda la semana en aproximadamente una hora y a precios asequibles.<\/p>\n<p style=\"font-size: 14px;\"><strong>Categor\u00eda de productos<\/strong><br \/>\nAparato de cocina<\/p>\n<p style=\"font-size: 14px;\"><strong>Especificaciones t\u00e9cnicas<\/strong><br \/>\nModelo: <span>YPF2201<\/span><br \/>\nVersi\u00f3n: 2024-01<br \/>\nAlimentaci\u00f3n: 120 v CA<br \/>\nPotencia nominal 1000 vatios<br \/>\nCapacidad (olla): 4,5 cuartos<br \/>\nColor: Blanco<br \/>\nMaterial: Pl\u00e1stico, acero con revestimiento cer\u00e1mico<\/p>\n<p style=\"font-size: 14px;\"><strong>Acerca de este art\u00edculo<\/strong><br \/>\n- Multicooker todo en uno para comida de mascotas. Cocina, mezcla y dispensa ingredientes frescos de calidad humana en aproximadamente una hora.<br \/>\n- 4 Programas de cocci\u00f3n. Carne de vacuno, aves, pescado y sin cereales\/seco<br \/>\n- Funcionamiento de la arrocera<br \/>\n- Olla extra\u00edble con revestimiento cer\u00e1mico de 1000 vatios<br \/>\n- Capacidad de 4,5 cuartos de gal\u00f3n. Cocina y dispensa 4-6 lbs de comida.<br \/>\n- Elija ingredientes frescos y saludables para la salud de su mascota<\/p>\n<p style=\"font-size: 14px;\"><strong>Garant\u00eda y asistencia<\/strong><br \/>\nWYSE Products ofrece una garant\u00eda de devoluci\u00f3n de 90 d\u00edas: Puede <a href=\"https:\/\/www.totalpetkitchen.com\/es\/devolucion-reembolso\/\">devolver<\/a> muchos art\u00edculos que haya comprado en los 90 d\u00edas siguientes a la entrega del art\u00edculo a usted.<br \/>\nWYSE Products ofrece un a\u00f1o de garant\u00eda a partir de la fecha de compra. Para obtener informaci\u00f3n sobre la garant\u00eda de este producto, por favor <a href=\"https:\/\/www.totalpetkitchen.com\/es\/garantia-2\/\">pulse aqu\u00ed<\/a>.<\/p>\n<\/div><\/div><\/div><\/div><\/div><\/div><\/section>","protected":false},"excerpt":{"rendered":"Discover Total Pet Kitchen The number one health issue for dogs is obesity. Almost 60% of dogs in America are overweight. The reason is simple, too much processed food. It\u2019s bad for people and it\u2019s really bad for dogs. The Total Pet Kitchen is Fast, Easy to Use and the only way to guarantee that...","protected":false},"author":1,"featured_media":0,"parent":0,"menu_order":0,"comment_status":"closed","ping_status":"closed","template":"","meta":{"_acf_changed":false,"footnotes":""},"class_list":["post-7953","page","type-page","status-publish","hentry"],"acf":[],"aioseo_notices":[],"_links":{"self":[{"href":"https:\/\/www.totalpetkitchen.com\/es\/wp-json\/wp\/v2\/pages\/7953","targetHints":{"allow":["GET"]}}],"collection":[{"href":"https:\/\/www.totalpetkitchen.com\/es\/wp-json\/wp\/v2\/pages"}],"about":[{"href":"https:\/\/www.totalpetkitchen.com\/es\/wp-json\/wp\/v2\/types\/page"}],"author":[{"embeddable":true,"href":"https:\/\/www.totalpetkitchen.com\/es\/wp-json\/wp\/v2\/users\/1"}],"replies":[{"embeddable":true,"href":"https:\/\/www.totalpetkitchen.com\/es\/wp-json\/wp\/v2\/comments?post=7953"}],"version-history":[{"count":0,"href":"https:\/\/www.totalpetkitchen.com\/es\/wp-json\/wp\/v2\/pages\/7953\/revisions"}],"wp:attachment":[{"href":"https:\/\/www.totalpetkitchen.com\/es\/wp-json\/wp\/v2\/media?parent=7953"}],"curies":[{"name":"wp","href":"https:\/\/api.w.org\/{rel}","templated":true}]}}