{"id":9085,"date":"2025-03-01T13:14:54","date_gmt":"2025-03-01T13:14:54","guid":{"rendered":"https:\/\/www.totalpetkitchen.com\/?page_id=9085"},"modified":"2025-05-30T11:16:03","modified_gmt":"2025-05-30T15:16:03","slug":"acerca-de-nosotros","status":"publish","type":"page","link":"https:\/\/www.totalpetkitchen.com\/es\/about-us\/","title":{"rendered":"Qui\u00e9nes somos"},"content":{"rendered":"<section class=\"l-section wpb_row height_medium\"><div class=\"l-section-h i-cf\"><div class=\"g-cols vc_row via_grid cols_1 laptops-cols_inherit tablets-cols_inherit mobiles-cols_1 valign_top type_default stacking_default\"><div class=\"wpb_column vc_column_container\"><div class=\"vc_column-inner\"><div class=\"wpb_text_column\"><div class=\"wpb_wrapper\"><h1>Qui\u00e9nes somos<\/h1>\n<\/div><\/div><\/div><\/div><\/div><\/div><\/section><section class=\"l-section wpb_row height_auto\"><div class=\"l-section-h i-cf\"><div class=\"g-cols vc_row via_grid cols_1 laptops-cols_inherit tablets-cols_inherit mobiles-cols_1 valign_top type_default stacking_default\"><div class=\"wpb_column vc_column_container\"><div class=\"vc_column-inner\"><div class=\"wpb_text_column\"><div class=\"wpb_wrapper\"><div style=\"font-size: 18px; line-height: 120%;\">\n<p><span>En Total Pet Kitchen, creemos que la comida fresca no es s\u00f3lo para los humanos, tambi\u00e9n es la clave para una vida m\u00e1s sana y feliz para nuestras mascotas. Es por eso que estamos en una misi\u00f3n para que sea m\u00e1s f\u00e1cil que nunca para los padres de mascotas preparar comidas frescas y saludables en casa.<\/span><\/p>\n<p><span>Como muchos due\u00f1os de mascotas, hemos sufrido la angustia de perder a nuestros queridos perros a causa del c\u00e1ncer. Durante a\u00f1os, confiamos en las croquetas y los alimentos enlatados, creyendo que eran seguros y c\u00f3modos, hasta que fue demasiado tarde. Cuando nos enfrentamos a graves problemas de salud, recurrimos a la comida casera, con la esperanza de que los alimentos frescos pudieran marcar la diferencia. Pero el proceso llevaba mucho tiempo, era engorroso y dif\u00edcil de hacer siempre bien.<\/span><\/p>\n<p><span>Decididos a encontrar una forma mejor, combinamos nuestra experiencia en ingenier\u00eda y fabricaci\u00f3n para crear Total Pet Kitchen, una soluci\u00f3n todo en uno que facilita la preparaci\u00f3n de alimentos frescos para mascotas, tanto si se trata de comidas completas como si s\u00f3lo se trata de a\u00f1adir ingredientes frescos al cuenco de su mascota.<\/span><\/p>\n<p><span>Sabemos que no todos los padres est\u00e1n preparados para abandonar por completo las croquetas, y no pasa nada. Incluso a\u00f1adir comida fresca puede marcar la diferencia. La clave est\u00e1 en dar a los due\u00f1os el control sobre lo que entra en la comida de sus mascotas: ingredientes reales y enteros en lugar de alternativas procesadas y enlatadas.<\/span><\/p>\n<p><span><a href=\"https:\/\/www.totalpetkitchen.com\/es\/shop\/cocina-total-pet\/\">Total Pet Kitchen<\/a> se basa en el amor, la ciencia y la convicci\u00f3n de que nuestras mascotas merecen algo mejor. \u00danase a nosotros en <a href=\"https:\/\/www.totalpetkitchen.com\/es\/nutricion-de-mascotas-salud\/\">redefinir la nutrici\u00f3n de los animales de compa\u00f1\u00eda<\/a>, Una comida fresca cada vez.<\/span><\/p>\n<\/div>\n<\/div><\/div><div class=\"w-separator size_small\"><\/div><\/div><\/div><\/div><\/div><\/section>","protected":false},"excerpt":{"rendered":"About Us At Total Pet Kitchen, we believe fresh food isn\u2019t just for humans\u2014it\u2019s the key to a healthier, happier life for our pets, too. That\u2019s why we\u2019re on a mission to make it easier than ever for pet parents to prepare fresh, wholesome meals right at home. Like so many pet owners, we\u2019ve experienced...","protected":false},"author":1,"featured_media":0,"parent":0,"menu_order":0,"comment_status":"closed","ping_status":"closed","template":"","meta":{"_acf_changed":false,"footnotes":""},"class_list":["post-9085","page","type-page","status-publish","hentry"],"acf":[],"aioseo_notices":[],"_links":{"self":[{"href":"https:\/\/www.totalpetkitchen.com\/es\/wp-json\/wp\/v2\/pages\/9085","targetHints":{"allow":["GET"]}}],"collection":[{"href":"https:\/\/www.totalpetkitchen.com\/es\/wp-json\/wp\/v2\/pages"}],"about":[{"href":"https:\/\/www.totalpetkitchen.com\/es\/wp-json\/wp\/v2\/types\/page"}],"author":[{"embeddable":true,"href":"https:\/\/www.totalpetkitchen.com\/es\/wp-json\/wp\/v2\/users\/1"}],"replies":[{"embeddable":true,"href":"https:\/\/www.totalpetkitchen.com\/es\/wp-json\/wp\/v2\/comments?post=9085"}],"version-history":[{"count":0,"href":"https:\/\/www.totalpetkitchen.com\/es\/wp-json\/wp\/v2\/pages\/9085\/revisions"}],"wp:attachment":[{"href":"https:\/\/www.totalpetkitchen.com\/es\/wp-json\/wp\/v2\/media?parent=9085"}],"curies":[{"name":"wp","href":"https:\/\/api.w.org\/{rel}","templated":true}]}}