{"id":9205,"date":"2025-03-07T16:36:42","date_gmt":"2025-03-07T16:36:42","guid":{"rendered":"https:\/\/www.totalpetkitchen.com\/?page_id=9205"},"modified":"2025-08-11T13:53:31","modified_gmt":"2025-08-11T17:53:31","slug":"pongase-en-contacto-con","status":"publish","type":"page","link":"https:\/\/www.totalpetkitchen.com\/es\/contact\/","title":{"rendered":"Contacte con nosotros"},"content":{"rendered":"<section class=\"l-section wpb_row height_medium\"><div class=\"l-section-h i-cf\"><div class=\"g-cols vc_row via_grid cols_1 laptops-cols_inherit tablets-cols_inherit mobiles-cols_1 valign_top type_default stacking_default\"><div class=\"wpb_column vc_column_container\"><div class=\"vc_column-inner\"><div class=\"wpb_text_column\"><div class=\"wpb_wrapper\"><h1>Contacte con nosotros<\/h1>\n<\/div><\/div><\/div><\/div><\/div><\/div><\/section><section class=\"l-section wpb_row height_auto\"><div class=\"l-section-h i-cf\"><div class=\"g-cols vc_row via_grid cols_1 laptops-cols_inherit tablets-cols_inherit mobiles-cols_1 valign_top type_default stacking_default\"><div class=\"wpb_column vc_column_container\"><div class=\"vc_column-inner\"><div class=\"wpb_text_column\"><div class=\"wpb_wrapper\"><div style=\"font-size: 18px; line-height: 125%;\">\n<p><span>P\u00f3ngase en contacto con WySE Products para cualquier pregunta sobre nuestros productos y para dar su opini\u00f3n sobre Total Pet Kitchen.<\/span><\/div>\n<\/div><\/div><\/div><\/div><\/div><\/div><\/section><section class=\"l-section wpb_row height_medium\"><div class=\"l-section-h i-cf\"><div class=\"g-cols vc_row via_grid cols_1 laptops-cols_inherit tablets-cols_inherit mobiles-cols_1 valign_top type_default stacking_default\"><div class=\"wpb_column vc_column_container\"><div class=\"vc_column-inner\"><div class=\"w-contacts\"><div class=\"w-contacts-list\"><div class=\"w-contacts-item for_address\"><span class=\"w-contacts-item-value\">560 Sylvan Ave, Suite 1133 Englewood Cliffs NJ 07632<\/span><\/div><div class=\"w-contacts-item for_phone\"><span class=\"w-contacts-item-value\">(201) 603-2597<\/span><\/div><div class=\"w-contacts-item for_email\"><span class=\"w-contacts-item-value\"><a href=\"mailto:contact@wyseproducts.com\">contact@wyseproducts.com<\/a><\/span><\/div><\/div><\/div><\/div><\/div><\/div><\/div><\/section><section class=\"l-section wpb_row height_auto\"><div class=\"l-section-h i-cf\"><div class=\"g-cols vc_row via_grid cols_1 laptops-cols_inherit tablets-cols_inherit mobiles-cols_1 valign_top type_default stacking_default\"><div class=\"wpb_column vc_column_container\"><div class=\"vc_column-inner\"><div class=\"wpb_text_column\"><div class=\"wpb_wrapper\"><h2>Escr\u00edbanos<\/h2>\n<\/div><\/div><\/div><\/div><\/div><\/div><\/section><section class=\"l-section wpb_row height_small\"><div class=\"l-section-h i-cf\"><div class=\"g-cols vc_row via_grid cols_2-1 laptops-cols_inherit tablets-cols_inherit mobiles-cols_1 valign_top type_default stacking_default\"><div class=\"wpb_column vc_column_container\"><div class=\"vc_column-inner\"><form class=\"w-form  us-field-style_1 layout_ver show_message_after_sending for_cform us_form_1\" action=\"https:\/\/www.totalpetkitchen.com\/es\/es\/wp-json\/wp\/v2\/pages\/9205\" method=\"post\" data-trp-original-action=\"https:\/\/www.totalpetkitchen.com\/es\/es\/wp-json\/wp\/v2\/pages\/9205\"><div class=\"w-form-h\"><div class=\"w-form-row for_text required\">\r\n\t\t<div class=\"w-form-row-field\">\r\n\t\t\t\t\t\t<input aria-label=\"Nombre\" type=\"text\" name=\"us_form_1_text_1\" value placeholder=\"Nombre *\" data-required=\"true\" aria-required=\"true\"\/>\r\n\t\t\t<\/div>\r\n\t\t<div class=\"w-form-row-state\">Rellena este campo<\/div>\r\n<\/div>\r\n<div class=\"w-form-row for_email required\">\r\n\t\t<div class=\"w-form-row-field\">\r\n\t\t\t\t\t\t<input aria-label=\"Correo electr\u00f3nico\" type=\"email\" name=\"us_form_1_email_1\" value placeholder=\"Correo electr\u00f3nico *\" data-required=\"true\" aria-required=\"true\"\/>\r\n\t\t\t<\/div>\r\n\t\t<div class=\"w-form-row-state\">Por favor, introduce una direcci\u00f3n de correo electr\u00f3nico v\u00e1lida.<\/div>\r\n<\/div>\r\n<div class=\"w-form-row for_text\">\r\n\t\t<div class=\"w-form-row-field\">\r\n\t\t\t\t\t\t<input aria-label=\"Tel\u00e9fono\" inputmode=\"numeric\" type=\"text\" name=\"us_form_1_text_2\" value placeholder=\"Tel\u00e9fono\"\/>\r\n\t\t\t<\/div>\r\n\t\t<div class=\"w-form-row-state\">Rellena este campo<\/div>\r\n<\/div>\r\n<div class=\"w-form-row for_textarea\">\r\n\t\t<div class=\"w-form-row-field\">\r\n\t\t\t\t\t\t<textarea aria-label=\"Su mensaje\" name=\"us_form_1_textarea_1\" placeholder=\"Su mensaje\"><\/textarea>\r\n\t\t\t<\/div>\r\n\t\t<div class=\"w-form-row-state\">Rellena este campo<\/div>\r\n<\/div>\r\n<input type=\"hidden\" name=\"action\" value=\"us_ajax_cform\" \/>\r\n<input type=\"hidden\" name=\"post_id\" value=\"0\" \/>\r\n<input type=\"hidden\" name=\"form_index\" value=\"1\" \/>\r\n<div class=\"w-form-row for_submit align_none\"><button class=\"w-btn us-btn-style_1\" type=\"submit\" aria-label=\"Enviar\"><span class=\"g-preloader type_1\"><\/span><span class=\"w-btn-label\">Enviar<\/span><\/button><\/div><\/div><div class=\"w-form-message\"><\/div><div class=\"w-form-json hidden\" onclick='return {&quot;ajaxurl&quot;:&quot;https:\\\/\\\/www.totalpetkitchen.com\\\/wp-admin\\\/admin-ajax.php&quot;,&quot;messages&quot;:{&quot;err_empty&quot;:&quot;Rellena este campo&quot;,&quot;err_size&quot;:&quot;El tama\\u00f1o del archivo no puede exceder %s MB&quot;,&quot;err_extension&quot;:&quot;El tipo de archivo %s no est\\u00e1 permitido&quot;,&quot;err_recaptcha_keys&quot;:&quot;Las claves de reCAPTCHA son incorrectas&quot;}}'><\/div><input type=\"hidden\" name=\"trp-form-language\" value=\"es\"\/><\/form><\/div><\/div><div class=\"wpb_column vc_column_container\"><div class=\"vc_column-inner\"><\/div><\/div><\/div><\/div><\/section>","protected":false},"excerpt":{"rendered":"Contact Us Contact WySE Products for any questions about our products and for providing feedback on Total Pet Kitchen. 560 Sylvan Ave, Suite 1133 Englewood Cliffs NJ 07632(201) 603-2597contact@wyseproducts.com Write Us Rellena este campo Por favor, introduce una direcci\u00f3n de correo electr\u00f3nico v\u00e1lida. Rellena este campo Rellena este campo Enviar","protected":false},"author":1,"featured_media":0,"parent":0,"menu_order":0,"comment_status":"closed","ping_status":"closed","template":"","meta":{"_acf_changed":false,"footnotes":""},"class_list":["post-9205","page","type-page","status-publish","hentry"],"acf":[],"aioseo_notices":[],"_links":{"self":[{"href":"https:\/\/www.totalpetkitchen.com\/es\/wp-json\/wp\/v2\/pages\/9205","targetHints":{"allow":["GET"]}}],"collection":[{"href":"https:\/\/www.totalpetkitchen.com\/es\/wp-json\/wp\/v2\/pages"}],"about":[{"href":"https:\/\/www.totalpetkitchen.com\/es\/wp-json\/wp\/v2\/types\/page"}],"author":[{"embeddable":true,"href":"https:\/\/www.totalpetkitchen.com\/es\/wp-json\/wp\/v2\/users\/1"}],"replies":[{"embeddable":true,"href":"https:\/\/www.totalpetkitchen.com\/es\/wp-json\/wp\/v2\/comments?post=9205"}],"version-history":[{"count":0,"href":"https:\/\/www.totalpetkitchen.com\/es\/wp-json\/wp\/v2\/pages\/9205\/revisions"}],"wp:attachment":[{"href":"https:\/\/www.totalpetkitchen.com\/es\/wp-json\/wp\/v2\/media?parent=9205"}],"curies":[{"name":"wp","href":"https:\/\/api.w.org\/{rel}","templated":true}]}}