{"id":9359,"date":"2025-03-18T05:15:11","date_gmt":"2025-03-18T05:15:11","guid":{"rendered":"https:\/\/www.totalpetkitchen.com\/?page_id=9359"},"modified":"2025-06-23T10:56:12","modified_gmt":"2025-06-23T14:56:12","slug":"suplementos-caninos-wagtritious","status":"publish","type":"page","link":"https:\/\/www.totalpetkitchen.com\/es\/wagtritious-canine-supplements\/","title":{"rendered":"Suplementos caninos Wagtritious"},"content":{"rendered":"<section class=\"l-section wpb_row height_medium\"><div class=\"l-section-h i-cf\"><div class=\"g-cols vc_row via_grid cols_1 laptops-cols_inherit tablets-cols_inherit mobiles-cols_1 valign_top type_default stacking_default\"><div class=\"wpb_column vc_column_container\"><div class=\"vc_column-inner\"><div class=\"wpb_text_column\"><div class=\"wpb_wrapper\"><h1 class=\"font_0 wixui-rich-text__text\"><span class=\"wixui-rich-text__text\"><span>Wagtritious<\/span> Suplementos caninos<\/span><\/h1>\n<\/div><\/div><\/div><\/div><\/div><\/div><\/section><section class=\"l-section wpb_row height_auto\"><div class=\"l-section-h i-cf\"><div class=\"g-cols vc_row via_grid cols_1 laptops-cols_inherit tablets-cols_inherit mobiles-cols_1 valign_top type_default stacking_default\"><div class=\"wpb_column vc_column_container\"><div class=\"vc_column-inner\"><div class=\"wpb_text_column\"><div class=\"wpb_wrapper\"><div style=\"font-size: 18px; line-height: 120%;\">\n<p><span>En Total Pet Kitchen creemos que nuestras recetas recomendadas por veterinarios ofrecen lo mejor en comida casera fresca y saludable para su perro. A veces, sin embargo, debido a la edad o problemas de salud, los veterinarios sugieren a\u00f1adir suplementos a las dietas caseras. Los suplementos pueden ayudar a los cachorros a crecer y adaptarse a la edad adulta. Los suplementos tambi\u00e9n se utilizan a menudo con perros maduros para abordar o incluso prevenir potencialmente problemas de salud, como la artritis, de progresar.<\/span><\/p>\n<p><span>Despu\u00e9s de probar varias marcas y tipos de suplementos, estamos orgullosos de ofrecer los suplementos Wagtritious MULTI y MACRO-MIN como el compa\u00f1ero perfecto para su comida casera. MULTI y MACRO-MIN han sido formulados cient\u00edficamente para proporcionar vitaminas y minerales esenciales (Incluido el calcio) para equilibrar sus comidas Total Pet Kitchen.<\/span><\/p>\n<p><span>Desarrollado por <strong>Dr. Edward Moser<\/strong>, BS, MS, VMD<br \/>\nDiplomado, ACVIM (Nutrici\u00f3n)<br \/>\nNutricionista Veterinario Certificado\u2122.<\/span><\/div>\n<\/div><\/div><div class=\"w-separator size_small\"><\/div><\/div><\/div><\/div><\/div><\/section><section class=\"l-section wpb_row us_custom_f78888c0 height_small\"><div class=\"l-section-h i-cf\"><div class=\"g-cols vc_row via_grid cols_1 laptops-cols_inherit tablets-cols_inherit mobiles-cols_1 valign_top type_default stacking_default\"><div class=\"wpb_column vc_column_container\"><div class=\"vc_column-inner\"><div class=\"wpb_text_column\"><div class=\"wpb_wrapper\"><div style=\"font-size: 18px; line-height: 120%;\">\n<p><span><em><strong>Estos magn\u00edficos suplementos normalmente s\u00f3lo est\u00e1n disponibles mediante pedido especial a su veterinario, pero puede a\u00f1adirlos a su cesta hoy mismo.<\/strong><\/em><\/span><\/p>\n<p><span><strong><em>Nota: Los suplementos Wagtritious son s\u00f3lo para perros.<\/em><br \/>\n<\/strong><\/span><\/div>\n<\/div><\/div><\/div><\/div><\/div><\/div><\/section><section class=\"l-section wpb_row us_custom_abf3ca82 height_small\"><div class=\"l-section-h i-cf\"><div class=\"g-cols vc_row via_grid cols_1-2 laptops-cols_inherit tablets-cols_inherit mobiles-cols_1 valign_top type_default stacking_default\"><div class=\"wpb_column vc_column_container\"><div class=\"vc_column-inner\"><div class=\"w-separator size_large\"><\/div><div class=\"w-separator size_large\"><\/div><div class=\"wpb_text_column\"><div class=\"wpb_wrapper\"><h6 style=\"font-size: 18px; color: #ffffff; text-align: left; line-height: 140%;\">Al utilizar Total Pet Kitchen:<\/h6>\n<\/div><\/div><div class=\"wpb_text_column\"><div class=\"wpb_wrapper\"><h6 style=\"font-size: 18px; color: #ffffff; text-align: left; line-height: 140%;\">Para un lote completo de 6 libras de comida a\u00f1ada 24 gramos<br \/>\n( 8 cucharaditas)<\/h6>\n<p>&nbsp;<\/p>\n<\/div><\/div><div class=\"wpb_text_column\"><div class=\"wpb_wrapper\"><h6 style=\"font-size: 18px; color: #ffffff; text-align: left; line-height: 140%;\">Por cada kilo de alimento a\u00f1ada 4 gramos<br \/>\no 1 1\/3 cucharadita.<\/h6>\n<\/div><\/div><div class=\"w-separator size_small\"><\/div><div class=\"w-btn-wrapper align_left\"><a class=\"w-btn us-btn-style_1\" href=\"https:\/\/www.totalpetkitchen.com\/es\/shop\/wagtritious-suplemento-canino-multi\/\"><span class=\"w-btn-label\">Comprar ahora<\/span><\/a><\/div><\/div><\/div><div class=\"wpb_column vc_column_container\"><div class=\"vc_column-inner\"><div class=\"w-image align_right\"><a href=\"https:\/\/www.totalpetkitchen.com\/es\/shop\/wagtritious-suplemento-canino-multi\/\" aria-label=\"Wagtricious-Multi\" class=\"w-image-h\"><img decoding=\"async\" width=\"979\" height=\"704\" src=\"https:\/\/www.totalpetkitchen.com\/wp-content\/uploads\/2025\/03\/Wagtricious-Multi.png\" class=\"attachment-full size-full\" alt=\"Suplemento para perros Wagtricious Multi\" loading=\"lazy\" srcset=\"https:\/\/www.totalpetkitchen.com\/wp-content\/uploads\/2025\/03\/Wagtricious-Multi.png 979w, https:\/\/www.totalpetkitchen.com\/wp-content\/uploads\/2025\/03\/Wagtricious-Multi-300x216.png 300w, https:\/\/www.totalpetkitchen.com\/wp-content\/uploads\/2025\/03\/Wagtricious-Multi-97x70.png 97w, https:\/\/www.totalpetkitchen.com\/wp-content\/uploads\/2025\/03\/Wagtricious-Multi-83x60.png 83w, https:\/\/www.totalpetkitchen.com\/wp-content\/uploads\/2025\/03\/Wagtricious-Multi-278x200.png 278w, https:\/\/www.totalpetkitchen.com\/wp-content\/uploads\/2025\/03\/Wagtricious-Multi-42x30.png 42w, https:\/\/www.totalpetkitchen.com\/wp-content\/uploads\/2025\/03\/Wagtricious-Multi-556x400.png 556w, https:\/\/www.totalpetkitchen.com\/wp-content\/uploads\/2025\/03\/Wagtricious-Multi-500x360.png 500w, https:\/\/www.totalpetkitchen.com\/wp-content\/uploads\/2025\/03\/Wagtricious-Multi-420x302.png 420w, https:\/\/www.totalpetkitchen.com\/wp-content\/uploads\/2025\/03\/Wagtricious-Multi-475x342.png 475w, https:\/\/www.totalpetkitchen.com\/wp-content\/uploads\/2025\/03\/Wagtricious-Multi-600x431.png 600w, https:\/\/www.totalpetkitchen.com\/wp-content\/uploads\/2025\/03\/Wagtricious-Multi-250x180.png 250w, https:\/\/www.totalpetkitchen.com\/wp-content\/uploads\/2025\/03\/Wagtricious-Multi-350x252.png 350w, https:\/\/www.totalpetkitchen.com\/wp-content\/uploads\/2025\/03\/Wagtricious-Multi-100x72.png 100w, https:\/\/www.totalpetkitchen.com\/wp-content\/uploads\/2025\/03\/Wagtricious-Multi-70x50.png 70w, https:\/\/www.totalpetkitchen.com\/wp-content\/uploads\/2025\/03\/Wagtricious-Multi-900x647.png 900w, https:\/\/www.totalpetkitchen.com\/wp-content\/uploads\/2025\/03\/Wagtricious-Multi-650x467.png 650w\" sizes=\"auto, (max-width: 979px) 100vw, 979px\" \/><\/a><\/div><\/div><\/div><\/div><\/div><\/section><section class=\"l-section wpb_row us_custom_f9d0b101 height_small\"><div class=\"l-section-h i-cf\"><div class=\"g-cols vc_row via_grid cols_2-1 laptops-cols_inherit tablets-cols_inherit mobiles-cols_1 valign_top type_default stacking_default\"><div class=\"wpb_column vc_column_container\"><div class=\"vc_column-inner\"><div class=\"w-image align_left\"><a href=\"https:\/\/www.totalpetkitchen.com\/es\/shop\/wagtritious-suplemento-canino-macro-min\/\" aria-label=\"Wagtricious-Macro-Min\" class=\"w-image-h\"><img decoding=\"async\" width=\"979\" height=\"710\" src=\"https:\/\/www.totalpetkitchen.com\/wp-content\/uploads\/2025\/03\/Wagtricious-Macro-Min-1.png\" class=\"attachment-full size-full\" alt=\"Wagtritious Macro-Min Suplementos para perros\" loading=\"lazy\" srcset=\"https:\/\/www.totalpetkitchen.com\/wp-content\/uploads\/2025\/03\/Wagtricious-Macro-Min-1.png 979w, https:\/\/www.totalpetkitchen.com\/wp-content\/uploads\/2025\/03\/Wagtricious-Macro-Min-1-300x218.png 300w, https:\/\/www.totalpetkitchen.com\/wp-content\/uploads\/2025\/03\/Wagtricious-Macro-Min-1-97x70.png 97w, https:\/\/www.totalpetkitchen.com\/wp-content\/uploads\/2025\/03\/Wagtricious-Macro-Min-1-83x60.png 83w, https:\/\/www.totalpetkitchen.com\/wp-content\/uploads\/2025\/03\/Wagtricious-Macro-Min-1-276x200.png 276w, https:\/\/www.totalpetkitchen.com\/wp-content\/uploads\/2025\/03\/Wagtricious-Macro-Min-1-41x30.png 41w, https:\/\/www.totalpetkitchen.com\/wp-content\/uploads\/2025\/03\/Wagtricious-Macro-Min-1-552x400.png 552w, https:\/\/www.totalpetkitchen.com\/wp-content\/uploads\/2025\/03\/Wagtricious-Macro-Min-1-500x363.png 500w, https:\/\/www.totalpetkitchen.com\/wp-content\/uploads\/2025\/03\/Wagtricious-Macro-Min-1-420x305.png 420w, https:\/\/www.totalpetkitchen.com\/wp-content\/uploads\/2025\/03\/Wagtricious-Macro-Min-1-475x344.png 475w, https:\/\/www.totalpetkitchen.com\/wp-content\/uploads\/2025\/03\/Wagtricious-Macro-Min-1-600x435.png 600w, https:\/\/www.totalpetkitchen.com\/wp-content\/uploads\/2025\/03\/Wagtricious-Macro-Min-1-250x181.png 250w, https:\/\/www.totalpetkitchen.com\/wp-content\/uploads\/2025\/03\/Wagtricious-Macro-Min-1-350x254.png 350w, https:\/\/www.totalpetkitchen.com\/wp-content\/uploads\/2025\/03\/Wagtricious-Macro-Min-1-100x73.png 100w, https:\/\/www.totalpetkitchen.com\/wp-content\/uploads\/2025\/03\/Wagtricious-Macro-Min-1-70x51.png 70w, https:\/\/www.totalpetkitchen.com\/wp-content\/uploads\/2025\/03\/Wagtricious-Macro-Min-1-900x653.png 900w, https:\/\/www.totalpetkitchen.com\/wp-content\/uploads\/2025\/03\/Wagtricious-Macro-Min-1-650x471.png 650w\" sizes=\"auto, (max-width: 979px) 100vw, 979px\" \/><\/a><\/div><\/div><\/div><div class=\"wpb_column vc_column_container\"><div class=\"vc_column-inner\"><div class=\"w-separator size_large\"><\/div><div class=\"w-separator size_large\"><\/div><div class=\"wpb_text_column\"><div class=\"wpb_wrapper\"><h6 style=\"font-size: 18px; color: #ffffff; text-align: left; line-height: 140%;\">Al utilizar Total Pet Kitchen:<\/h6>\n<\/div><\/div><div class=\"wpb_text_column\"><div class=\"wpb_wrapper\"><h6 style=\"font-size: 18px; color: #ffffff; text-align: left; line-height: 140%;\">Para un lote completo de 6 libras de comida a\u00f1ada 28 gramos<br \/>\n( 4 cucharaditas)<\/h6>\n<\/div><\/div><div class=\"wpb_text_column\"><div class=\"wpb_wrapper\"><h6 style=\"font-size: 18px; color: #ffffff; text-align: left; line-height: 140%;\">Por cada kilo de alimento a\u00f1ada 4,8 gramos<br \/>\no 2\/3 de cucharadita.<\/h6>\n<\/div><\/div><div class=\"w-separator size_small\"><\/div><div class=\"w-btn-wrapper align_left\"><a class=\"w-btn us-btn-style_7\" href=\"https:\/\/www.totalpetkitchen.com\/es\/shop\/wagtritious-suplemento-canino-macro-min\/\"><span class=\"w-btn-label\">Comprar ahora<\/span><\/a><\/div><\/div><\/div><\/div><\/div><\/section><section class=\"l-section wpb_row height_small\"><div class=\"l-section-h i-cf\"><div class=\"g-cols vc_row via_grid cols_1 laptops-cols_inherit tablets-cols_inherit mobiles-cols_1 valign_top type_default stacking_default\"><div class=\"wpb_column vc_column_container\"><div class=\"vc_column-inner\"><div class=\"wpb_text_column\"><div class=\"wpb_wrapper\"><div>\n<p>NO incluye NING\u00daN QU\u00cdMICO NO DESEADO para dar sabor o como conservante. En su lugar <span>Wagtritious<\/span> utiliza melazas naturales deshidratadas para mejorar la palatabilidad (Fiber, Biotic y Flex); y tocoferol mixto natural (vitamina E) como sistema de conservaci\u00f3n.<\/p>\n<p><em><strong>Nota: Como siempre, consulte a su veterinario antes de realizar cualquier cambio en la dieta de su perro. Lo sentimos, pero <span>Wagtritious<\/span> est\u00e1n formulados y etiquetados exclusivamente para uso canino.<\/strong><\/em><\/div>\n<\/div><\/div><\/div><\/div><\/div><\/div><\/section>","protected":false},"excerpt":{"rendered":"Wagtritious Canine Supplements At Total Pet Kitchen we believe that our Vet Recommended recipes offer the best in healthy fresh homemade food for your dog. Sometimes however, because of age or health issues, veterinarians suggest adding supplements to homemade diets. Supplements can help puppies as they grow and adjust to being an adult dog. Supplements...","protected":false},"author":1,"featured_media":0,"parent":0,"menu_order":0,"comment_status":"closed","ping_status":"closed","template":"","meta":{"_acf_changed":false,"footnotes":""},"class_list":["post-9359","page","type-page","status-publish","hentry"],"acf":[],"aioseo_notices":[],"_links":{"self":[{"href":"https:\/\/www.totalpetkitchen.com\/es\/wp-json\/wp\/v2\/pages\/9359","targetHints":{"allow":["GET"]}}],"collection":[{"href":"https:\/\/www.totalpetkitchen.com\/es\/wp-json\/wp\/v2\/pages"}],"about":[{"href":"https:\/\/www.totalpetkitchen.com\/es\/wp-json\/wp\/v2\/types\/page"}],"author":[{"embeddable":true,"href":"https:\/\/www.totalpetkitchen.com\/es\/wp-json\/wp\/v2\/users\/1"}],"replies":[{"embeddable":true,"href":"https:\/\/www.totalpetkitchen.com\/es\/wp-json\/wp\/v2\/comments?post=9359"}],"version-history":[{"count":0,"href":"https:\/\/www.totalpetkitchen.com\/es\/wp-json\/wp\/v2\/pages\/9359\/revisions"}],"wp:attachment":[{"href":"https:\/\/www.totalpetkitchen.com\/es\/wp-json\/wp\/v2\/media?parent=9359"}],"curies":[{"name":"wp","href":"https:\/\/api.w.org\/{rel}","templated":true}]}}