{"id":10944,"date":"2026-02-06T20:32:35","date_gmt":"2026-02-07T01:32:35","guid":{"rendered":"https:\/\/www.totalpetkitchen.com\/?post_type=product&#038;p=10944"},"modified":"2026-02-11T18:36:56","modified_gmt":"2026-02-11T23:36:56","slug":"montaje-de-la-olla","status":"publish","type":"product","link":"https:\/\/www.totalpetkitchen.com\/es\/shop\/cooking-pot-assembly\/","title":{"rendered":"Conjunto de olla de cocci\u00f3n TPK"},"content":{"rendered":"<section class=\"l-section wpb_row height_small\"><div class=\"l-section-h i-cf\"><div class=\"g-cols vc_row via_grid cols_1 laptops-cols_inherit tablets-cols_inherit mobiles-cols_1 valign_top type_default stacking_default\"><div class=\"wpb_column vc_column_container\"><div class=\"vc_column-inner\"><div class=\"wpb_text_column\"><div class=\"wpb_wrapper\"><p style=\"line-height: 1.5;\">Utilice este conjunto de olla completa adicional para hacer lotes de comida para mascotas de forma consecutiva con Total Pet Kitchen.<\/p>\n<\/div><\/div><\/div><\/div><\/div><\/div><\/section><section class=\"l-section wpb_row us_custom_f78888c0 height_small\"><div class=\"l-section-h i-cf\"><div class=\"g-cols vc_row via_grid cols_1 laptops-cols_inherit tablets-cols_inherit mobiles-cols_1 valign_top type_default stacking_default\"><div class=\"wpb_column vc_column_container\"><div class=\"vc_column-inner\"><div class=\"wpb_text_column\"><div class=\"wpb_wrapper\"><p style=\"line-height: 1.5;\"><strong>Categor\u00eda de productos<\/strong><\/p>\n<p>Aparato de cocina<\/p>\n<p style=\"line-height: 1.5;\"><strong>Especificaciones t\u00e9cnicas<\/strong><\/p>\n<p>Modelo: TPKPOTASSMBLY<br \/>\nCapacidad: 4,5 litros<br \/>\nColor: Blanco<br \/>\nMaterial: Acero con revestimiento cer\u00e1mico<\/p>\n<\/div><\/div><div class=\"wpb_text_column\"><div class=\"wpb_wrapper\"><p style=\"line-height: 1.5;\"><strong>Acerca de este art\u00edculo<\/strong><\/p>\n<p>Utilice este conjunto de olla extra completa para cocinar comida fresca para sus perros y gatos en la olla multicocina Total Pet Kitchen en lotes, espalda con espalda.<\/p>\n<p style=\"line-height: 1.5;\"><strong>Garant\u00eda y asistencia<\/strong><\/p>\n<p>Productos WYSE <a href=\"https:\/\/www.totalpetkitchen.com\/es\/devolucion-reembolso\/\" target=\"_blank\" rel=\"noopener\">Garant\u00eda de devoluci\u00f3n de 90 d\u00edas<\/a>: Puede devolver muchos art\u00edculos que haya comprado en un plazo de 90 d\u00edas tras la entrega del art\u00edculo. WYSE Products ofrece un a\u00f1o de garant\u00eda a partir de la fecha de compra. Para obtener informaci\u00f3n sobre la garant\u00eda de este producto, por favor <a href=\"https:\/\/www.totalpetkitchen.com\/es\/garantia-2\/\" target=\"_blank\" rel=\"noopener\">pulse aqu\u00ed<\/a>.<\/p>\n<\/div><\/div><\/div><\/div><\/div><\/div><\/section>","protected":false},"excerpt":{"rendered":"<p>Conjunto completo de ollas para la cocina Total Pet<\/p>\n<p style=\"font-size: 20px; line-height: 120%;\"><strong>Env\u00edo gratuito<\/strong> <span style=\"font-size: 16px;\">48 estados contiguos<\/span><br \/>\n<span style=\"font-size: 16px;\">Hawai y Alaska tendr\u00e1n un coste adicional en funci\u00f3n del destino final.<\/span><\/p>","protected":false},"featured_media":10946,"comment_status":"closed","ping_status":"closed","template":"","meta":{"_acf_changed":false},"product_brand":[],"product_cat":[127],"product_tag":[],"class_list":{"0":"post-10944","1":"product","2":"type-product","3":"status-publish","4":"has-post-thumbnail","6":"product_cat-pet-food-maker-parts-accessories","7":"product_shipping_class-free-shipping","9":"first","10":"outofstock","11":"taxable","12":"shipping-taxable","13":"purchasable","14":"product-type-simple"},"acf":[],"aioseo_notices":[],"_links":{"self":[{"href":"https:\/\/www.totalpetkitchen.com\/es\/wp-json\/wp\/v2\/product\/10944","targetHints":{"allow":["GET"]}}],"collection":[{"href":"https:\/\/www.totalpetkitchen.com\/es\/wp-json\/wp\/v2\/product"}],"about":[{"href":"https:\/\/www.totalpetkitchen.com\/es\/wp-json\/wp\/v2\/types\/product"}],"replies":[{"embeddable":true,"href":"https:\/\/www.totalpetkitchen.com\/es\/wp-json\/wp\/v2\/comments?post=10944"}],"wp:featuredmedia":[{"embeddable":true,"href":"https:\/\/www.totalpetkitchen.com\/es\/wp-json\/wp\/v2\/media\/10946"}],"wp:attachment":[{"href":"https:\/\/www.totalpetkitchen.com\/es\/wp-json\/wp\/v2\/media?parent=10944"}],"wp:term":[{"taxonomy":"product_brand","embeddable":true,"href":"https:\/\/www.totalpetkitchen.com\/es\/wp-json\/wp\/v2\/product_brand?post=10944"},{"taxonomy":"product_cat","embeddable":true,"href":"https:\/\/www.totalpetkitchen.com\/es\/wp-json\/wp\/v2\/product_cat?post=10944"},{"taxonomy":"product_tag","embeddable":true,"href":"https:\/\/www.totalpetkitchen.com\/es\/wp-json\/wp\/v2\/product_tag?post=10944"}],"curies":[{"name":"wp","href":"https:\/\/api.w.org\/{rel}","templated":true}]}}