{"id":8370,"date":"2025-02-10T22:28:25","date_gmt":"2025-02-10T22:28:25","guid":{"rendered":"https:\/\/www.totalpetkitchen.com\/?post_type=product&#038;p=8370"},"modified":"2026-04-20T15:43:31","modified_gmt":"2026-04-20T19:43:31","slug":"cocina-total-pet","status":"publish","type":"product","link":"https:\/\/www.totalpetkitchen.com\/es\/shop\/total-pet-kitchen\/","title":{"rendered":"Total Pet Kitchen"},"content":{"rendered":"<section class=\"l-section wpb_row height_small\"><div class=\"l-section-h i-cf\"><div class=\"g-cols vc_row via_grid cols_1 laptops-cols_inherit tablets-cols_inherit mobiles-cols_1 valign_top type_default stacking_default\"><div class=\"wpb_column vc_column_container\"><div class=\"vc_column-inner\"><div class=\"wpb_text_column\"><div class=\"wpb_wrapper\"><p style=\"line-height: 1.5;\">The WySE Total Pet Kitchen is an all-in-one pet food multicooker. Effortlessly prepare restaurant-quality meals for your pet with this user-friendly kitchen appliance. It cooks, mixes, and dispenses premium, human grade pet food from the convenience of your home. Nutritious pet food from fresh ingredients of proteins (meats), vegetables, grains, and liquid. Enabling you to prepare your pets\u2019 meals for the week in about an hour and at affordable prices.<\/p>\n<\/div><\/div><\/div><\/div><\/div><\/div><\/section><section class=\"l-section wpb_row us_custom_f78888c0 height_small\"><div class=\"l-section-h i-cf\"><div class=\"g-cols vc_row via_grid cols_1 laptops-cols_inherit tablets-cols_inherit mobiles-cols_1 valign_top type_default stacking_default\"><div class=\"wpb_column vc_column_container\"><div class=\"vc_column-inner\"><div class=\"wpb_text_column\"><div class=\"wpb_wrapper\"><p style=\"line-height: 1.5;\"><strong>Product Category<\/strong><\/p>\n<p>Cooking Appliance<\/p>\n<p style=\"line-height: 1.5;\"><strong>Technical Specifications<\/strong><\/p>\n<p>Model: DFM24-01<br \/>\nVersion: 2024-01<br \/>\nSupply Power: 120 v AC<br \/>\nRated Power 1000 watts<br \/>\nCapacity (Pot): 4 quarts<br \/>\nColor: White<br \/>\nMaterial: Plastic, Ceramic coated steel<\/p>\n<\/div><\/div><div class=\"wpb_text_column\"><div class=\"wpb_wrapper\"><p style=\"line-height: 1.5;\"><strong>About this Item<\/strong><\/p>\n<ul>\n<li>An All in One Pet Food Multicooker. Cooks, Mixes, and Dispenses Fresh Human Grade Ingredients in about an hour.<\/li>\n<li>4 cooking Prodgrams. Beef, Poultry, Fish, and Grain Free\/Dry<\/li>\n<li>Rice Cooker Operation<\/li>\n<li>1000 watt ceramic coated removeable cooking pot<\/li>\n<li>4.5 quart capacity. Cooks and Dispenses 4-6 lbs of food<\/li>\n<li>Choose Fresh Healthy Ingredients for your pet\u2019s health<\/li>\n<\/ul>\n<p style=\"line-height: 1.5;\"><strong>Warranty &amp; Support<\/strong><\/p>\n<p>WYSE Products offers <a href=\"https:\/\/www.totalpetkitchen.com\/return-refund\/\" target=\"_blank\" rel=\"noopener\">90-Day Return Guarantee<\/a>: You can return many items you have purchased within 90 days following delivery of the item to you. WYSE Products offers one year warranty from the date of purchase. For warranty information about this product, please <a href=\"https:\/\/www.totalpetkitchen.com\/warranty\/\" target=\"_blank\" rel=\"noopener\">click here<\/a>.<\/p>\n<\/div><\/div><\/div><\/div><\/div><\/div><\/section><section class=\"l-section wpb_row us_custom_f78888c0 height_auto\"><div class=\"l-section-h i-cf\"><div class=\"g-cols vc_row via_grid cols_1 laptops-cols_inherit tablets-cols_inherit mobiles-cols_1 valign_top type_default stacking_default\"><div class=\"wpb_column vc_column_container\"><div class=\"vc_column-inner\"><div class=\"g-cols wpb_row via_grid cols_2 laptops-cols_inherit tablets-cols_inherit mobiles-cols_1 valign_top type_default stacking_default\" style=\"--columns-gap:1.5rem;\"><div class=\"wpb_column vc_column_container\"><div class=\"vc_column-inner\"><div class=\"w-video us_custom_de67d1db align_center ratio_4x3 with_overlay has_iframe\" style=\"background-image:url(https:\/\/www.totalpetkitchen.com\/wp-content\/uploads\/2025\/02\/TPK-Chicken-Dog-Meal-Poster-2.png);\" onclick=\"return {&quot;player_id&quot;:&quot;youtube-v3e0&quot;,&quot;player_api&quot;:&quot;\\\/\\\/www.youtube.com\\\/player_api&quot;,&quot;player_html&quot;:&quot;&lt;div id=\\&quot;youtube-v3e0\\&quot;&gt;&lt;\\\/div&gt;&lt;script&gt;\\r\\n\\t\\t\\twindow.USYTPlayers = ( window.USYTPlayers || { initYTFunctions: [], optionsYT: [], USYTInited: false } );\\r\\n\\t\\t\\twindow.USYTPlayers.optionsYT.push( {\\r\\n\\t\\t\\t\\tplayerID: \\&quot;youtube-v3e0\\&quot;,\\r\\n\\t\\t\\t\\tvideoID: \\&quot;Pa0AlmUnfUM\\&quot;,\\r\\n\\t\\t\\t\\tplayerVars: {\\&quot;autoplay\\&quot;:1,\\&quot;controls\\&quot;:1,\\&quot;origin\\&quot;:\\&quot;https:\\\\\\\/\\\\\\\/www.totalpetkitchen.com\\\\\\\/es\\&quot;,\\&quot;loop\\&quot;:0,\\&quot;mute\\&quot;:0,\\&quot;playlist\\&quot;:\\&quot;Pa0AlmUnfUM\\&quot;}\\r\\n\\t\\t\\t} );\\r\\n\\t\\t\\tif ( window.USYTPlayers.USYTInited === false ) {\\r\\n\\t\\t\\t\\t\\\/\\\/ Trying to override other possible WP YT API calls if our element is used\\r\\n\\t\\t\\t\\twindow.USYTPlayers.USYTInited = true;\\r\\n\\r\\n\\t\\t\\t\\twindow.onYouTubePlayerAPIReady = function() {\\r\\n\\t\\t\\t\\t\\tfor ( var i in window.USYTPlayers.optionsYT ) {\\r\\n\\t\\t\\t\\t\\t\\tvar _playerParams = window.USYTPlayers.optionsYT[ i ];\\r\\n\\t\\t\\t\\t\\t\\t$us.YTPlayers[ _playerParams.playerID ] = new YT.Player( _playerParams.playerID, {\\r\\n\\t\\t\\t\\t\\t\\t\\tvideoId: _playerParams.videoID,\\r\\n\\t\\t\\t\\t\\t\\t\\tplayerVars: _playerParams.playerVars\\r\\n\\t\\t\\t\\t\\t\\t} );\\r\\n\\t\\t\\t\\t\\t}\\r\\n\\t\\t\\t\\t}\\r\\n\\t\\t\\t}\\r\\n\\t\\t\\tif ( !!window.YT ) {\\r\\n\\t\\t\\t\\t$us.YTPlayers[\\&quot;youtube-v3e0\\&quot;] = new YT.Player( \\&quot;youtube-v3e0\\&quot;, {\\r\\n\\t\\t\\t\\t\\tvideoId: \\&quot;Pa0AlmUnfUM\\&quot;,\\r\\n\\t\\t\\t\\t\\tplayerVars: {\\&quot;autoplay\\&quot;:1,\\&quot;controls\\&quot;:1,\\&quot;origin\\&quot;:\\&quot;https:\\\\\\\/\\\\\\\/www.totalpetkitchen.com\\\\\\\/es\\&quot;,\\&quot;loop\\&quot;:0,\\&quot;mute\\&quot;:0,\\&quot;playlist\\&quot;:\\&quot;Pa0AlmUnfUM\\&quot;}\\r\\n\\t\\t\\t\\t} );\\r\\n\\t\\t\\t}\\r\\n\\t\\t&lt;\\\/script&gt;&quot;}\"><button class=\"w-video-play\" type=\"button\" aria-label=\"Reproducir\"><span class=\"w-video-play-icon\" style=\"font-size:1.5rem;background:rgba(0,0,0,0.5);color:#fff\"><\/span><\/button><div class=\"w-video-h\"><\/div><\/div><\/div><\/div><div class=\"wpb_column vc_column_container\"><div class=\"vc_column-inner\"><div class=\"w-video us_custom_de67d1db align_center ratio_4x3 with_overlay has_iframe\" style=\"background-image:url(https:\/\/www.totalpetkitchen.com\/wp-content\/uploads\/2025\/02\/TPK-Beef-Dog-Meal-Poster-2.png);\" onclick=\"return {&quot;player_id&quot;:&quot;youtube-sc8d&quot;,&quot;player_api&quot;:&quot;\\\/\\\/www.youtube.com\\\/player_api&quot;,&quot;player_html&quot;:&quot;&lt;div id=\\&quot;youtube-sc8d\\&quot;&gt;&lt;\\\/div&gt;&lt;script&gt;\\r\\n\\t\\t\\twindow.USYTPlayers = ( window.USYTPlayers || { initYTFunctions: [], optionsYT: [], USYTInited: false } );\\r\\n\\t\\t\\twindow.USYTPlayers.optionsYT.push( {\\r\\n\\t\\t\\t\\tplayerID: \\&quot;youtube-sc8d\\&quot;,\\r\\n\\t\\t\\t\\tvideoID: \\&quot;uU6QvfBnPXA\\&quot;,\\r\\n\\t\\t\\t\\tplayerVars: {\\&quot;autoplay\\&quot;:1,\\&quot;controls\\&quot;:1,\\&quot;origin\\&quot;:\\&quot;https:\\\\\\\/\\\\\\\/www.totalpetkitchen.com\\\\\\\/es\\&quot;,\\&quot;loop\\&quot;:0,\\&quot;mute\\&quot;:0,\\&quot;playlist\\&quot;:\\&quot;uU6QvfBnPXA\\&quot;}\\r\\n\\t\\t\\t} );\\r\\n\\t\\t\\tif ( window.USYTPlayers.USYTInited === false ) {\\r\\n\\t\\t\\t\\t\\\/\\\/ Trying to override other possible WP YT API calls if our element is used\\r\\n\\t\\t\\t\\twindow.USYTPlayers.USYTInited = true;\\r\\n\\r\\n\\t\\t\\t\\twindow.onYouTubePlayerAPIReady = function() {\\r\\n\\t\\t\\t\\t\\tfor ( var i in window.USYTPlayers.optionsYT ) {\\r\\n\\t\\t\\t\\t\\t\\tvar _playerParams = window.USYTPlayers.optionsYT[ i ];\\r\\n\\t\\t\\t\\t\\t\\t$us.YTPlayers[ _playerParams.playerID ] = new YT.Player( _playerParams.playerID, {\\r\\n\\t\\t\\t\\t\\t\\t\\tvideoId: _playerParams.videoID,\\r\\n\\t\\t\\t\\t\\t\\t\\tplayerVars: _playerParams.playerVars\\r\\n\\t\\t\\t\\t\\t\\t} );\\r\\n\\t\\t\\t\\t\\t}\\r\\n\\t\\t\\t\\t}\\r\\n\\t\\t\\t}\\r\\n\\t\\t\\tif ( !!window.YT ) {\\r\\n\\t\\t\\t\\t$us.YTPlayers[\\&quot;youtube-sc8d\\&quot;] = new YT.Player( \\&quot;youtube-sc8d\\&quot;, {\\r\\n\\t\\t\\t\\t\\tvideoId: \\&quot;uU6QvfBnPXA\\&quot;,\\r\\n\\t\\t\\t\\t\\tplayerVars: {\\&quot;autoplay\\&quot;:1,\\&quot;controls\\&quot;:1,\\&quot;origin\\&quot;:\\&quot;https:\\\\\\\/\\\\\\\/www.totalpetkitchen.com\\\\\\\/es\\&quot;,\\&quot;loop\\&quot;:0,\\&quot;mute\\&quot;:0,\\&quot;playlist\\&quot;:\\&quot;uU6QvfBnPXA\\&quot;}\\r\\n\\t\\t\\t\\t} );\\r\\n\\t\\t\\t}\\r\\n\\t\\t&lt;\\\/script&gt;&quot;}\"><button class=\"w-video-play\" type=\"button\" aria-label=\"Reproducir\"><span class=\"w-video-play-icon\" style=\"font-size:1.5rem;background:rgba(0,0,0,0.5);color:#fff\"><\/span><\/button><div class=\"w-video-h\"><\/div><\/div><\/div><\/div><\/div><div class=\"w-separator size_medium\"><\/div><\/div><\/div><\/div><\/div><\/section>\n","protected":false},"excerpt":{"rendered":"<p style=\"font-size: 20px; line-height: 120%;\"><strong>Cocedor m\u00faltiple todo en uno para comida de mascotas<\/strong><\/p>\n<p style=\"font-size: 20px; line-height: 120%;\"><strong>Garant\u00eda de devoluci\u00f3n del dinero en 90 d\u00edas<\/strong><\/p>\n<p style=\"font-size: 20px; line-height: 120%;\"><img loading=\"lazy\" decoding=\"async\" style=\"float: right;\" src=\"https:\/\/www.totalpetkitchen.com\/wp-content\/uploads\/2025\/07\/TPK-Guarantee-Badge2.png\" width=\"125\" height=\"125\" \/><span>Debido a la gran demanda, Total Pet Kitchen se encuentra actualmente agotado en nuestro sitio web.<br \/>\nEst\u00e1 disponible en Amazon.<\/span><\/p>","protected":false},"featured_media":8832,"comment_status":"open","ping_status":"closed","template":"","meta":{"_acf_changed":false},"product_brand":[],"product_cat":[16],"product_tag":[],"class_list":{"0":"post-8370","1":"product","2":"type-product","3":"status-publish","4":"has-post-thumbnail","6":"product_cat-cooking-device","7":"product_shipping_class-free-shipping","9":"first","10":"outofstock","11":"taxable","12":"shipping-taxable","13":"purchasable","14":"product-type-simple"},"acf":[],"aioseo_notices":[],"_links":{"self":[{"href":"https:\/\/www.totalpetkitchen.com\/es\/wp-json\/wp\/v2\/product\/8370","targetHints":{"allow":["GET"]}}],"collection":[{"href":"https:\/\/www.totalpetkitchen.com\/es\/wp-json\/wp\/v2\/product"}],"about":[{"href":"https:\/\/www.totalpetkitchen.com\/es\/wp-json\/wp\/v2\/types\/product"}],"replies":[{"embeddable":true,"href":"https:\/\/www.totalpetkitchen.com\/es\/wp-json\/wp\/v2\/comments?post=8370"}],"wp:featuredmedia":[{"embeddable":true,"href":"https:\/\/www.totalpetkitchen.com\/es\/wp-json\/wp\/v2\/media\/8832"}],"wp:attachment":[{"href":"https:\/\/www.totalpetkitchen.com\/es\/wp-json\/wp\/v2\/media?parent=8370"}],"wp:term":[{"taxonomy":"product_brand","embeddable":true,"href":"https:\/\/www.totalpetkitchen.com\/es\/wp-json\/wp\/v2\/product_brand?post=8370"},{"taxonomy":"product_cat","embeddable":true,"href":"https:\/\/www.totalpetkitchen.com\/es\/wp-json\/wp\/v2\/product_cat?post=8370"},{"taxonomy":"product_tag","embeddable":true,"href":"https:\/\/www.totalpetkitchen.com\/es\/wp-json\/wp\/v2\/product_tag?post=8370"}],"curies":[{"name":"wp","href":"https:\/\/api.w.org\/{rel}","templated":true}]}}