{"id":8830,"date":"2025-06-21T18:36:54","date_gmt":"2025-06-21T22:36:54","guid":{"rendered":"https:\/\/www.totalpetkitchen.com\/?post_type=product&#038;p=8830"},"modified":"2026-04-02T17:19:35","modified_gmt":"2026-04-02T21:19:35","slug":"wagtritious-suplemento-canino-multi","status":"publish","type":"product","link":"https:\/\/www.totalpetkitchen.com\/es\/shop\/wagtritious-canine-supplement-multi\/","title":{"rendered":"Wagtritious MULTI"},"content":{"rendered":"<section class=\"l-section wpb_row height_small\"><div class=\"l-section-h i-cf\"><div class=\"g-cols vc_row via_grid cols_1 laptops-cols_inherit tablets-cols_inherit mobiles-cols_1 valign_top type_default stacking_default\"><div class=\"wpb_column vc_column_container\"><div class=\"vc_column-inner\"><div class=\"wpb_text_column\"><div class=\"wpb_wrapper\"><p>Wagtritious MULTI es un suplemento nutricional equilibrado de uso diario. MULTI incluye 10 vitaminas esenciales y 6 minerales traza quelatados. Es un suplemento de uso diario para caninos y ofrece nutrientes esenciales para cumplir con los Perfiles Nutricionales de Alimentos para Perros de la AAFCO para crear dietas completas y equilibradas. Ciencia nutricional para comida casera.<\/p>\n<p>Desarrollado por <b>Dr. Edward Moser<\/b>, BS, MS, VMD<br \/>\nDiplomado, ACVIM (Nutrici\u00f3n)<br \/>\nNutricionista Veterinaria Certificada\u2122.<\/p>\n<\/div><\/div><\/div><\/div><\/div><\/div><\/section><section class=\"l-section wpb_row us_custom_f78888c0 hide_on_mobiles height_medium\"><div class=\"l-section-h i-cf\"><div class=\"g-cols vc_row via_grid cols_1 laptops-cols_inherit tablets-cols_inherit mobiles-cols_1 valign_top type_default stacking_default\"><div class=\"wpb_column vc_column_container\"><div class=\"vc_column-inner\"><div class=\"g-cols wpb_row div-multi-batch via_grid cols_1 laptops-cols_inherit tablets-cols_inherit mobiles-cols_1 valign_top type_default stacking_default\" style=\"--columns-gap:3rem;\"><div class=\"wpb_column vc_column_container\"><div class=\"vc_column-inner\"><div class=\"wpb_text_column\"><div class=\"wpb_wrapper\"><p style=\"font-size: 14px;\"><strong>Categor\u00eda de productos<\/strong><br \/>\nSuplemento canino<\/p>\n<p style=\"font-size: 14px;\"><strong>Ingredientes<\/strong><br \/>\nSemillas de lino enteras molidas, cloruro pot\u00e1sico, fosfato tric\u00e1lcico, cloruro de colina.<br \/>\nVitaminas: L-ascorbil-2-fosfato (fuente de vitamina C), d-pantotenato c\u00e1lcico, riboflavina, niacina, d-biotina, vitamina B-12, vitamina A.<br \/>\nMinerales: proteinato de zinc, proteinato de hierro, proteinato de cobre, proteinato de manganeso, yodato de calcio, levadura de selenio), tocoferoles mixtos (un conservante natural).<\/p>\n<p style=\"font-size: 14px;\"><strong>An\u00e1lisis garantizados<\/strong><\/p>\n<div>\n<table style=\"border-collapse: collapse; width: 50%; font-size: 14px;\" border=\"1\" cellspacing=\"0\" cellpadding=\"6\">\n<tbody>\n<tr>\n<th colspan=\"2\">Prote\u00edna bruta, m\u00edn. 10%; grasa bruta, m\u00edn. 15%; fibra bruta, m\u00e1x. 5%; humedad, m\u00e1x. 5%.<\/th>\n<\/tr>\n<\/tbody>\n<tbody>\n<tr>\n<td colspan=\"2\"><strong>Nutrientes reconocidos como esenciales por los perfiles nutricionales de alimentos para perros de la AAFCO<\/strong><\/td>\n<\/tr>\n<\/tbody>\n<thead>\n<tr>\n<th colspan=\"2\" bgcolor=\"white\">MACRONUTRIENTES<\/th>\n<\/tr>\n<\/thead>\n<tbody>\n<tr>\n<td colspan=\"2\" bgcolor=\"white\"><strong>MACROMINERALES (por 5 g)<\/strong><\/td>\n<\/tr>\n<tr>\n<td>Calcio, min<\/td>\n<td>3% \/ 150 mg<\/td>\n<\/tr>\n<tr>\n<td>Calcio, m\u00e1x.<\/td>\n<td>4% \/ 200 mg<\/td>\n<\/tr>\n<tr>\n<td>F\u00f3sforo, min<\/td>\n<td>2% \/ 100 mg<\/td>\n<\/tr>\n<tr>\n<td>Potasio, min<\/td>\n<td>10% \/ 500 mg<\/td>\n<\/tr>\n<tr>\n<td colspan=\"2\" bgcolor=\"white\"><strong>VITAMINAS (por 5 g)<\/strong><\/td>\n<\/tr>\n<tr>\n<td>Vitamina A, min<\/td>\n<td>500.000 UI\/kg \/ 2.500 UI<\/td>\n<\/tr>\n<tr>\n<td>Vitamina D3, min<\/td>\n<td>40.000 UI\/kg \/ 200 UI<\/td>\n<\/tr>\n<tr>\n<td>Vitamina E, min<\/td>\n<td>6.000 UI\/kg \/ 30 UI<\/td>\n<\/tr>\n<tr>\n<td>Tiamina, min<\/td>\n<td>800 mg\/kg \/ 4 mg<\/td>\n<\/tr>\n<tr>\n<td>Riboflavina, min<\/td>\n<td>800 mg\/kg \/ 4 mg<\/td>\n<\/tr>\n<tr>\n<td>\u00c1cido pantot\u00e9nico, min<\/td>\n<td>1.200 mg\/kg \/ 6 mg<\/td>\n<\/tr>\n<tr>\n<td>Niacina, min<\/td>\n<td>3.000 mg\/kg \/ 15 mg<\/td>\n<\/tr>\n<tr>\n<td>Piridoxina, min<\/td>\n<td>200 mg\/kg \/ 1 mg<\/td>\n<\/tr>\n<tr>\n<td>\u00c1cido f\u00f3lico, min<\/td>\n<td>30 mg\/kg \/ 150 mcg<\/td>\n<\/tr>\n<tr>\n<td>Vitamina B12, min<\/td>\n<td>4 mg\/kg \/ 20 mcg<\/td>\n<\/tr>\n<tr>\n<td>Colina, min<\/td>\n<td>70.000 mg\/kg \/ 350 mg<\/td>\n<\/tr>\n<\/tbody>\n<thead>\n<tr>\n<th colspan=\"2\" bgcolor=\"white\">MINERALES TRACAS (por 5 g)<\/th>\n<\/tr>\n<\/thead>\n<tbody>\n<tr>\n<td>Hierro (Fe), min<\/td>\n<td>4.400 ppm \/ 22 mg<\/td>\n<\/tr>\n<tr>\n<td>Cobre (Cu), min<\/td>\n<td>620 ppm \/ 3,1 mg<\/td>\n<\/tr>\n<tr>\n<td>Manganeso (Mn), min<\/td>\n<td>360 ppm \/ 1,8 mg<\/td>\n<\/tr>\n<tr>\n<td>Zinc (Zn), m\u00edn.<\/td>\n<td>5.000 ppm \/ 25 mg<\/td>\n<\/tr>\n<tr>\n<td>Yodo (I), min<\/td>\n<td>50 ppm \/ 250 mcg<\/td>\n<\/tr>\n<tr>\n<td>Selenio (Se), min<\/td>\n<td>18 ppm \/ 90 mcg<\/td>\n<\/tr>\n<tr>\n<td colspan=\"2\"><em>*Suministrado como fuente de oligoelementos quelatados<\/em><\/td>\n<\/tr>\n<\/tbody>\n<thead>\n<tr>\n<th colspan=\"2\" bgcolor=\"white\">\u00c1CIDOS GRASOS OMEGA-3 (por 5 g)<\/th>\n<\/tr>\n<\/thead>\n<tbody>\n<tr>\n<td>\u00c1cido alfa-linol\u00e9nico (ALA), min<\/td>\n<td>9,5% \/ 475 mg<\/td>\n<\/tr>\n<\/tbody>\n<thead>\n<tr>\n<th colspan=\"2\" bgcolor=\"white\">Nutrientes no reconocidos como esenciales por los perfiles nutricionales de los alimentos para perros de la AAFCO<\/th>\n<\/tr>\n<\/thead>\n<tbody>\n<tr>\n<td>Vitamina C, min<\/td>\n<td>2.500 mg\/kg \/ 12,5 mg<\/td>\n<\/tr>\n<tr>\n<td>Biotina, min<\/td>\n<td>5 mg\/kg \/ 25 mcg<\/td>\n<\/tr>\n<\/tbody>\n<thead>\n<tr>\n<th colspan=\"2\" bgcolor=\"white\">CONTENIDO CALOR\u00cdCO (calculado) (por 5 g)<\/th>\n<\/tr>\n<\/thead>\n<tbody>\n<tr>\n<td>2.300 kcal de energ\u00eda metabolizable (EM)\/kg<\/td>\n<td>12 kcal ME<\/td>\n<\/tr>\n<\/tbody>\n<\/table>\n<\/div>\n<p>&nbsp;<\/p>\n<\/div><\/div><div class=\"wpb_text_column\"><div class=\"wpb_wrapper\"><div>\n<p style=\"font-size: 14px; margin-bottom: 15px;\"><strong>Instrucciones de uso<\/strong><\/p>\n<\/div>\n<div>\n<ul>\n<li style=\"font-size: 14px;\">Mezclar bien los alimentos.<\/li>\n<li style=\"font-size: 14px;\">Comenzar con 1\/3 de porci\u00f3n para empezar y despu\u00e9s de 7-10 d\u00edas, aumentar la cantidad.<\/li>\n<li style=\"font-size: 14px;\">Puede mezclarse en la comida seg\u00fan el peso de la mascota para cada raci\u00f3n<\/li>\n<li style=\"font-size: 14px;\">O puede mezclarse en Batch Food por cantidad de peso de alimento.<\/li>\n<li style=\"font-size: 14px;\">Ver gr\u00e1ficos.<\/li>\n<\/ul>\n<\/div>\n<\/div><\/div><\/div><\/div><\/div><div class=\"g-cols wpb_row via_grid cols_1 laptops-cols_inherit tablets-cols_inherit mobiles-cols_1 valign_top type_default stacking_default\" style=\"--columns-gap:3rem;\"><div class=\"wpb_column vc_column_container\"><div class=\"vc_column-inner\"><div class=\"wpb_text_column\"><div class=\"wpb_wrapper\"><div style=\"font-size: 14px; margin-bottom: 10px; margin-top: 10px;\"><strong>Importe Wagtritious: MULTI<\/strong><\/div>\n<div>\n<table style=\"border-collapse: collapse; width: 50%; font-size: 14px;\" border=\"1\" cellspacing=\"0\" cellpadding=\"6\">\n<thead>\n<tr>\n<th colspan=\"1\">Peso de la mascota<\/th>\n<th colspan=\"3\">Importe de uso<\/th>\n<\/tr>\n<\/thead>\n<tbody>\n<tr style=\"font-weight: bold;\">\n<td>Lb<\/td>\n<td>Gramos<\/td>\n<td>Oz<\/td>\n<td>Cucharilla<\/td>\n<\/tr>\n<tr>\n<td>10<\/td>\n<td>1<\/td>\n<td>0.04<\/td>\n<td>1\/3<\/td>\n<\/tr>\n<tr>\n<td>20<\/td>\n<td>2<\/td>\n<td>0.07<\/td>\n<td>2\/3<\/td>\n<\/tr>\n<tr>\n<td>30<\/td>\n<td>3<\/td>\n<td>0.11<\/td>\n<td>1<\/td>\n<\/tr>\n<tr>\n<td>40<\/td>\n<td>4<\/td>\n<td>0.14<\/td>\n<td>1 1\/3<\/td>\n<\/tr>\n<tr>\n<td>50<\/td>\n<td>5<\/td>\n<td>0.18<\/td>\n<td>1 2\/2<\/td>\n<\/tr>\n<tr>\n<td>60<\/td>\n<td>6<\/td>\n<td>0.22<\/td>\n<td>2<\/td>\n<\/tr>\n<tr>\n<td>70<\/td>\n<td>7<\/td>\n<td>0.25<\/td>\n<td>2 1\/4<\/td>\n<\/tr>\n<tr>\n<td>80<\/td>\n<td>8<\/td>\n<td>0.29<\/td>\n<td>2 2\/2<\/td>\n<\/tr>\n<tr>\n<td>90<\/td>\n<td>9<\/td>\n<td>0.32<\/td>\n<td>3<\/td>\n<\/tr>\n<tr>\n<td>100<\/td>\n<td>10<\/td>\n<td>0.36<\/td>\n<td>3 1\/3<\/td>\n<\/tr>\n<\/tbody>\n<\/table>\n<\/div>\n<div style=\"margin-top: 10px; line-height: 100%;\">\n<p style=\"font-size: 12px;\">1 gramo por cada 10 libras de peso de la mascota<br \/>\n1\/3 de cucharadita por cada 10 libras de peso de la mascota<\/p>\n<\/div>\n<div style=\"font-size: 14px; margin-bottom: 10px; margin-top: 10px;\"><strong>Importe Wagtritious (Lote): MULTI<\/strong><\/div>\n<div>\n<table style=\"border-collapse: collapse; width: 50%; font-size: 14px; height: 334px;\" border=\"1\" cellspacing=\"0\" cellpadding=\"6\">\n<thead>\n<tr>\n<th colspan=\"3\">Cantidad de comida elaborada<\/th>\n<th colspan=\"3\">Importe de uso<\/th>\n<\/tr>\n<\/thead>\n<tbody>\n<tr style=\"font-weight: bold;\">\n<td>Lb<\/td>\n<td>Oz<\/td>\n<td>Gramos<\/td>\n<td>Gramos por libra<\/td>\n<td>Oz<\/td>\n<td>Cucharilla<\/td>\n<\/tr>\n<tr>\n<td>1<\/td>\n<td>16<\/td>\n<td>454<\/td>\n<td>4.0<\/td>\n<td>0.14<\/td>\n<td>1 1\/3<\/td>\n<\/tr>\n<tr>\n<td>2<\/td>\n<td>32<\/td>\n<td>907<\/td>\n<td>8.0<\/td>\n<td>0.28<\/td>\n<td>2 2\/3<\/td>\n<\/tr>\n<tr>\n<td>3<\/td>\n<td>48<\/td>\n<td>1,361<\/td>\n<td>12.0<\/td>\n<td>0.42<\/td>\n<td>4<\/td>\n<\/tr>\n<tr>\n<td>4<\/td>\n<td>64<\/td>\n<td>1,814<\/td>\n<td>16.0<\/td>\n<td>0.56<\/td>\n<td>5 1\/3<\/td>\n<\/tr>\n<tr>\n<td>5<\/td>\n<td>80<\/td>\n<td>2,268<\/td>\n<td>20.0<\/td>\n<td>0.70<\/td>\n<td>6 1\/2<\/td>\n<\/tr>\n<tr>\n<td>6<\/td>\n<td>96<\/td>\n<td>2,722<\/td>\n<td>24.0<\/td>\n<td>0.84<\/td>\n<td>8<\/td>\n<\/tr>\n<\/tbody>\n<\/table>\n<\/div>\n<div style=\"margin-top: 10px; line-height: 100%;\">\n<p style=\"font-size: 12px;\">24 gramos por 2722 gm de alimento<br \/>\n4 cucharaditas por 6 libras de alimento<br \/>\n4 g por libra de alimento<br \/>\n1 1\/3 cucharadita por libra de alimento<\/p>\n<\/div>\n<div>\n<p style=\"font-size: 14px; padding-top: 15px;\"><strong>Al utilizar Total Pet Kitchen:<\/strong><br \/>\nPara un lote completo de 6 libras de comida a\u00f1ada 24 gramos ( 8 cucharaditas)<br \/>\nPor cada libra de alimento a\u00f1ada 4 gramos o 1 1\/3 cucharadita.<br \/>\n*Las cantidades est\u00e1n calculadas y se acepta el redondeo a cucharaditas enteras.<\/p>\n<\/div>\n<div>\n<p style=\"font-size: 14px; padding-top: 15px;\"><strong>Garant\u00eda y asistencia<\/strong><br \/>\nProductos WYSE <a href=\"https:\/\/www.totalpetkitchen.com\/es\/devolucion-reembolso\/\" target=\"_blank\" rel=\"noopener\">Garant\u00eda de devoluci\u00f3n de 30 d\u00edas<\/a>: Puede devolver muchos art\u00edculos que haya comprado en un plazo de 30 d\u00edas tras la entrega del art\u00edculo. WYSE Products ofrece un a\u00f1o de garant\u00eda a partir de la fecha de compra. Para obtener informaci\u00f3n sobre la garant\u00eda de este producto, por favor <a href=\"https:\/\/www.totalpetkitchen.com\/es\/garantia-2\/\" target=\"_blank\" rel=\"noopener\">pulse aqu\u00ed<\/a>.<\/p>\n<\/div>\n<\/div><\/div><\/div><\/div><\/div><\/div><\/div><\/div><\/div><\/section><section class=\"l-section wpb_row us_custom_f78888c0 hide_on_default hide_on_laptops hide_on_tablets height_medium\"><div class=\"l-section-h i-cf\"><div class=\"g-cols vc_row via_grid cols_1 laptops-cols_inherit tablets-cols_inherit mobiles-cols_1 valign_top type_default stacking_default\"><div class=\"wpb_column vc_column_container\"><div class=\"vc_column-inner\"><div class=\"g-cols wpb_row div-multi-batch via_grid cols_1 laptops-cols_inherit tablets-cols_inherit mobiles-cols_1 valign_top type_default stacking_default\" style=\"--columns-gap:3rem;\"><div class=\"wpb_column vc_column_container\"><div class=\"vc_column-inner\"><div class=\"wpb_text_column\"><div class=\"wpb_wrapper\"><p style=\"font-size: 14px;\"><strong>Categor\u00eda de productos<\/strong><br \/>\nSuplemento canino<\/p>\n<p style=\"font-size: 14px;\"><strong>Ingredientes<\/strong><br \/>\nSemillas de lino enteras molidas, cloruro pot\u00e1sico, fosfato tric\u00e1lcico, cloruro de colina.<br \/>\nVitaminas: L-ascorbil-2-fosfato (fuente de vitamina C), d-pantotenato c\u00e1lcico, riboflavina, niacina, d-biotina, vitamina B-12, vitamina A.<br \/>\nMinerales: proteinato de zinc, proteinato de hierro, proteinato de cobre, proteinato de manganeso, yodato de calcio, levadura de selenio), tocoferoles mixtos (un conservante natural).<\/p>\n<p style=\"font-size: 14px;\"><strong>An\u00e1lisis garantizados<\/strong><\/p>\n<div>\n<table style=\"border-collapse: collapse; width: 90%; font-size: 14px;\" border=\"1\" cellspacing=\"0\" cellpadding=\"6\">\n<tbody>\n<tr>\n<th colspan=\"2\">Prote\u00edna bruta, m\u00edn. 10%; grasa bruta, m\u00edn. 15%; fibra bruta, m\u00e1x. 5%; humedad, m\u00e1x. 5%.<\/th>\n<\/tr>\n<\/tbody>\n<tbody>\n<tr>\n<td colspan=\"2\"><strong>Nutrientes reconocidos como esenciales por los perfiles nutricionales de alimentos para perros de la AAFCO<\/strong><\/td>\n<\/tr>\n<\/tbody>\n<thead>\n<tr>\n<th colspan=\"2\" bgcolor=\"white\">MACRONUTRIENTES<\/th>\n<\/tr>\n<\/thead>\n<tbody>\n<tr>\n<td colspan=\"2\" bgcolor=\"white\"><strong>MACROMINERALES (por 5 g)<\/strong><\/td>\n<\/tr>\n<tr>\n<td>Calcio, min<\/td>\n<td>3% \/ 150 mg<\/td>\n<\/tr>\n<tr>\n<td>Calcio, m\u00e1x.<\/td>\n<td>4% \/ 200 mg<\/td>\n<\/tr>\n<tr>\n<td>F\u00f3sforo, min<\/td>\n<td>2% \/ 100 mg<\/td>\n<\/tr>\n<tr>\n<td>Potasio, min<\/td>\n<td>10% \/ 500 mg<\/td>\n<\/tr>\n<tr>\n<td colspan=\"2\" bgcolor=\"white\"><strong>VITAMINAS (por 5 g)<\/strong><\/td>\n<\/tr>\n<tr>\n<td>Vitamina A, min<\/td>\n<td>500.000 UI\/kg \/ 2.500 UI<\/td>\n<\/tr>\n<tr>\n<td>Vitamina D3, min<\/td>\n<td>40.000 UI\/kg \/ 200 UI<\/td>\n<\/tr>\n<tr>\n<td>Vitamina E, min<\/td>\n<td>6.000 UI\/kg \/ 30 UI<\/td>\n<\/tr>\n<tr>\n<td>Tiamina, min<\/td>\n<td>800 mg\/kg \/ 4 mg<\/td>\n<\/tr>\n<tr>\n<td>Riboflavina, min<\/td>\n<td>800 mg\/kg \/ 4 mg<\/td>\n<\/tr>\n<tr>\n<td>\u00c1cido pantot\u00e9nico, min<\/td>\n<td>1.200 mg\/kg \/ 6 mg<\/td>\n<\/tr>\n<tr>\n<td>Niacina, min<\/td>\n<td>3.000 mg\/kg \/ 15 mg<\/td>\n<\/tr>\n<tr>\n<td>Piridoxina, min<\/td>\n<td>200 mg\/kg \/ 1 mg<\/td>\n<\/tr>\n<tr>\n<td>\u00c1cido f\u00f3lico, min<\/td>\n<td>30 mg\/kg \/ 150 mcg<\/td>\n<\/tr>\n<tr>\n<td>Vitamina B12, min<\/td>\n<td>4 mg\/kg \/ 20 mcg<\/td>\n<\/tr>\n<tr>\n<td>Colina, min<\/td>\n<td>70.000 mg\/kg \/ 350 mg<\/td>\n<\/tr>\n<\/tbody>\n<thead>\n<tr>\n<th colspan=\"2\" bgcolor=\"white\">MINERALES TRACAS (por 5 g)<\/th>\n<\/tr>\n<\/thead>\n<tbody>\n<tr>\n<td>Hierro (Fe), min<\/td>\n<td>4.400 ppm \/ 22 mg<\/td>\n<\/tr>\n<tr>\n<td>Cobre (Cu), min<\/td>\n<td>620 ppm \/ 3,1 mg<\/td>\n<\/tr>\n<tr>\n<td>Manganeso (Mn), min<\/td>\n<td>360 ppm \/ 1,8 mg<\/td>\n<\/tr>\n<tr>\n<td>Zinc (Zn), m\u00edn.<\/td>\n<td>5.000 ppm \/ 25 mg<\/td>\n<\/tr>\n<tr>\n<td>Yodo (I), min<\/td>\n<td>50 ppm \/ 250 mcg<\/td>\n<\/tr>\n<tr>\n<td>Selenio (Se), min<\/td>\n<td>18 ppm \/ 90 mcg<\/td>\n<\/tr>\n<tr>\n<td colspan=\"2\"><em>*Suministrado como fuente de oligoelementos quelatados<\/em><\/td>\n<\/tr>\n<\/tbody>\n<thead>\n<tr>\n<th colspan=\"2\" bgcolor=\"white\">\u00c1CIDOS GRASOS OMEGA-3 (por 5 g)<\/th>\n<\/tr>\n<\/thead>\n<tbody>\n<tr>\n<td>\u00c1cido alfa-linol\u00e9nico (ALA), min<\/td>\n<td>9,5% \/ 475 mg<\/td>\n<\/tr>\n<\/tbody>\n<thead>\n<tr>\n<th colspan=\"2\" bgcolor=\"white\">Nutrientes no reconocidos como esenciales por los perfiles nutricionales de los alimentos para perros de la AAFCO<\/th>\n<\/tr>\n<\/thead>\n<tbody>\n<tr>\n<td>Vitamina C, min<\/td>\n<td>2.500 mg\/kg \/ 12,5 mg<\/td>\n<\/tr>\n<tr>\n<td>Biotina, min<\/td>\n<td>5 mg\/kg \/ 25 mcg<\/td>\n<\/tr>\n<\/tbody>\n<thead>\n<tr>\n<th colspan=\"2\" bgcolor=\"white\">CONTENIDO CALOR\u00cdCO (calculado) (por 5 g)<\/th>\n<\/tr>\n<\/thead>\n<tbody>\n<tr>\n<td>2.300 kcal de energ\u00eda metabolizable (EM)\/kg<\/td>\n<td>12 kcal ME<\/td>\n<\/tr>\n<\/tbody>\n<\/table>\n<\/div>\n<p>&nbsp;<\/p>\n<\/div><\/div><div class=\"wpb_text_column\"><div class=\"wpb_wrapper\"><div>\n<p style=\"font-size: 14px; margin-bottom: 15px;\"><strong>Instrucciones de uso<\/strong><\/p>\n<\/div>\n<div>ul.custom-list {<br \/>\nfont-size: 14px;<br \/>\naltura de l\u00ednea: 1; \/* espaciado m\u00e1s corto *\/<br \/>\nmargen: 0;<br \/>\npadding-left: 20px; \/* sangr\u00eda de vi\u00f1eta est\u00e1ndar *\/<br \/>\n}ul.custom-list li {<br \/>\nmargin-bottom: 4px; \/* adjust for closer spacing *\/<br \/>\n}<\/p>\n<ul>\n<li style=\"font-size: 14px;\">Mezclar bien los alimentos.<\/li>\n<li style=\"font-size: 14px;\">Comenzar con 1\/3 de porci\u00f3n para empezar y despu\u00e9s de 7-10 d\u00edas, aumentar la cantidad.<\/li>\n<li style=\"font-size: 14px;\">Puede mezclarse en la comida seg\u00fan el peso de la mascota para cada raci\u00f3n<\/li>\n<li style=\"font-size: 14px;\">O puede mezclarse en Batch Food por cantidad de peso de alimento.<\/li>\n<li style=\"font-size: 14px;\">Ver gr\u00e1ficos.<\/li>\n<\/ul>\n<\/div>\n<\/div><\/div><\/div><\/div><\/div><div class=\"g-cols wpb_row via_grid cols_1 laptops-cols_inherit tablets-cols_inherit mobiles-cols_1 valign_top type_default stacking_default\" style=\"--columns-gap:3rem;\"><div class=\"wpb_column vc_column_container\"><div class=\"vc_column-inner\"><div class=\"wpb_text_column\"><div class=\"wpb_wrapper\"><div style=\"font-size: 14px; margin-bottom: 10px; margin-top: 10px;\"><strong>Importe Wagtritious: MULTI<\/strong><\/div>\n<div>\n<table style=\"border-collapse: collapse; width: 90%; font-size: 14px;\" border=\"1\" cellspacing=\"0\" cellpadding=\"6\">\n<thead>\n<tr>\n<th colspan=\"1\">Peso de la mascota<\/th>\n<th colspan=\"3\">Importe de uso<\/th>\n<\/tr>\n<\/thead>\n<tbody>\n<tr style=\"font-weight: bold;\">\n<td>Lb<\/td>\n<td>Gramos<\/td>\n<td>Oz<\/td>\n<td>Cucharilla<\/td>\n<\/tr>\n<tr>\n<td>10<\/td>\n<td>1<\/td>\n<td>0.04<\/td>\n<td>1\/3<\/td>\n<\/tr>\n<tr>\n<td>20<\/td>\n<td>2<\/td>\n<td>0.07<\/td>\n<td>2\/3<\/td>\n<\/tr>\n<tr>\n<td>30<\/td>\n<td>3<\/td>\n<td>0.11<\/td>\n<td>1<\/td>\n<\/tr>\n<tr>\n<td>40<\/td>\n<td>4<\/td>\n<td>0.14<\/td>\n<td>1 1\/3<\/td>\n<\/tr>\n<tr>\n<td>50<\/td>\n<td>5<\/td>\n<td>0.18<\/td>\n<td>1 2\/2<\/td>\n<\/tr>\n<tr>\n<td>60<\/td>\n<td>6<\/td>\n<td>0.22<\/td>\n<td>2<\/td>\n<\/tr>\n<tr>\n<td>70<\/td>\n<td>7<\/td>\n<td>0.25<\/td>\n<td>2 1\/4<\/td>\n<\/tr>\n<tr>\n<td>80<\/td>\n<td>8<\/td>\n<td>0.29<\/td>\n<td>2 2\/2<\/td>\n<\/tr>\n<tr>\n<td>90<\/td>\n<td>9<\/td>\n<td>0.32<\/td>\n<td>3<\/td>\n<\/tr>\n<tr>\n<td>100<\/td>\n<td>10<\/td>\n<td>0.36<\/td>\n<td>3 1\/3<\/td>\n<\/tr>\n<\/tbody>\n<\/table>\n<\/div>\n<div style=\"margin-top: 10px; line-height: 100%;\">\n<p style=\"font-size: 12px;\">1 gramo por cada 10 libras de peso de la mascota<br \/>\n1\/3 de cucharadita por cada 10 libras de peso de la mascota<\/p>\n<\/div>\n<\/div><\/div><div class=\"wpb_text_column\"><div class=\"wpb_wrapper\"><div style=\"font-size: 14px; margin-bottom: 10px; margin-top: 10px;\"><strong>Importe Wagtritious (Lote): MULTI<\/strong><\/div>\n<div>\n<table style=\"border-collapse: collapse; width: 100%; font-size: 12px;\" border=\"1\" cellspacing=\"0\" cellpadding=\"1\">\n<thead>\n<tr>\n<th colspan=\"3\">Cantidad de comida elaborada<\/th>\n<th colspan=\"3\">Importe de uso<\/th>\n<\/tr>\n<\/thead>\n<tbody>\n<tr style=\"font-weight: bold;\">\n<td>Lb<\/td>\n<td>Oz<\/td>\n<td>Gramos<\/td>\n<td>Gramos<br \/>\npor libra<\/td>\n<td>Oz<\/td>\n<td>Cucharilla<\/td>\n<\/tr>\n<tr>\n<td>1<\/td>\n<td>16<\/td>\n<td>454<\/td>\n<td>4.0<\/td>\n<td>0.14<\/td>\n<td>1 1\/3<\/td>\n<\/tr>\n<tr>\n<td>2<\/td>\n<td>32<\/td>\n<td>907<\/td>\n<td>8.0<\/td>\n<td>0.28<\/td>\n<td>2 2\/3<\/td>\n<\/tr>\n<tr>\n<td>3<\/td>\n<td>48<\/td>\n<td>1,361<\/td>\n<td>12.0<\/td>\n<td>0.42<\/td>\n<td>4<\/td>\n<\/tr>\n<tr>\n<td>4<\/td>\n<td>64<\/td>\n<td>1,814<\/td>\n<td>16.0<\/td>\n<td>0.56<\/td>\n<td>5 1\/3<\/td>\n<\/tr>\n<tr>\n<td>5<\/td>\n<td>80<\/td>\n<td>2,268<\/td>\n<td>20.0<\/td>\n<td>0.70<\/td>\n<td>6 1\/2<\/td>\n<\/tr>\n<tr>\n<td>6<\/td>\n<td>96<\/td>\n<td>2,722<\/td>\n<td>24.0<\/td>\n<td>0.84<\/td>\n<td>8<\/td>\n<\/tr>\n<\/tbody>\n<\/table>\n<\/div>\n<div style=\"margin-top: 10px; line-height: 100%;\">\n<p style=\"font-size: 12px;\">24 gramos por 2722 gm de alimento<br \/>\n4 cucharaditas por 6 libras de alimento<br \/>\n4 g por libra de alimento<br \/>\n1 1\/3 cucharadita por libra de alimento<\/p>\n<\/div>\n<div>\n<p style=\"font-size: 14px; padding-top: 15px;\"><strong>Al utilizar Total Pet Kitchen:<\/strong><br \/>\nPara un lote completo de 6 libras de comida a\u00f1ada 24 gramos ( 8 cucharaditas)<br \/>\nPor cada libra de alimento a\u00f1ada 4 gramos o 1 1\/3 cucharadita.<br \/>\n*Las cantidades est\u00e1n calculadas y se acepta el redondeo a cucharaditas enteras.<\/p>\n<\/div>\n<div>\n<p style=\"font-size: 14px; padding-top: 15px;\"><strong>Garant\u00eda y asistencia<\/strong><br \/>\nProductos WYSE <a href=\"https:\/\/www.totalpetkitchen.com\/es\/devolucion-reembolso\/\" target=\"_blank\" rel=\"noopener\">Garant\u00eda de devoluci\u00f3n de 30 d\u00edas<\/a>: Puede devolver muchos art\u00edculos que haya comprado en un plazo de 30 d\u00edas tras la entrega del art\u00edculo. WYSE Products ofrece un a\u00f1o de garant\u00eda a partir de la fecha de compra. Para obtener informaci\u00f3n sobre la garant\u00eda de este producto, por favor <a href=\"https:\/\/www.totalpetkitchen.com\/es\/garantia-2\/\" target=\"_blank\" rel=\"noopener\">pulse aqu\u00ed<\/a>.<\/p>\n<\/div>\n<\/div><\/div><\/div><\/div><\/div><\/div><\/div><\/div><\/div><\/section><section class=\"l-section wpb_row height_medium\"><div class=\"l-section-h i-cf\"><div class=\"g-cols vc_row via_grid cols_1 laptops-cols_inherit tablets-cols_inherit mobiles-cols_1 valign_top type_default stacking_default\"><div class=\"wpb_column vc_column_container\"><div class=\"vc_column-inner\"><\/div><\/div><\/div><\/div><\/section>","protected":false},"excerpt":{"rendered":"<p>Suplemento nutricional diario equilibrado para perros<\/p>\n<p style=\"font-size: 20px\"><strong>Env\u00edo gratuito<\/strong><\/p>","protected":false},"featured_media":9979,"comment_status":"open","ping_status":"closed","template":"","meta":{"_acf_changed":false},"product_brand":[],"product_cat":[123],"product_tag":[],"class_list":{"0":"post-8830","1":"product","2":"type-product","3":"status-publish","4":"has-post-thumbnail","6":"product_cat-pet-supplements","7":"product_shipping_class-free-shipping","9":"first","10":"outofstock","11":"taxable","12":"shipping-taxable","13":"purchasable","14":"product-type-simple"},"acf":[],"aioseo_notices":[],"_links":{"self":[{"href":"https:\/\/www.totalpetkitchen.com\/es\/wp-json\/wp\/v2\/product\/8830","targetHints":{"allow":["GET"]}}],"collection":[{"href":"https:\/\/www.totalpetkitchen.com\/es\/wp-json\/wp\/v2\/product"}],"about":[{"href":"https:\/\/www.totalpetkitchen.com\/es\/wp-json\/wp\/v2\/types\/product"}],"replies":[{"embeddable":true,"href":"https:\/\/www.totalpetkitchen.com\/es\/wp-json\/wp\/v2\/comments?post=8830"}],"wp:featuredmedia":[{"embeddable":true,"href":"https:\/\/www.totalpetkitchen.com\/es\/wp-json\/wp\/v2\/media\/9979"}],"wp:attachment":[{"href":"https:\/\/www.totalpetkitchen.com\/es\/wp-json\/wp\/v2\/media?parent=8830"}],"wp:term":[{"taxonomy":"product_brand","embeddable":true,"href":"https:\/\/www.totalpetkitchen.com\/es\/wp-json\/wp\/v2\/product_brand?post=8830"},{"taxonomy":"product_cat","embeddable":true,"href":"https:\/\/www.totalpetkitchen.com\/es\/wp-json\/wp\/v2\/product_cat?post=8830"},{"taxonomy":"product_tag","embeddable":true,"href":"https:\/\/www.totalpetkitchen.com\/es\/wp-json\/wp\/v2\/product_tag?post=8830"}],"curies":[{"name":"wp","href":"https:\/\/api.w.org\/{rel}","templated":true}]}}