{"id":9969,"date":"2025-05-09T13:30:39","date_gmt":"2025-05-09T17:30:39","guid":{"rendered":"https:\/\/www.totalpetkitchen.com\/?post_type=product&#038;p=9969"},"modified":"2026-04-02T17:19:19","modified_gmt":"2026-04-02T21:19:19","slug":"wagtritious-suplemento-canino-macro-min","status":"publish","type":"product","link":"https:\/\/www.totalpetkitchen.com\/es\/shop\/wagtritious-canine-supplement-macro-min\/","title":{"rendered":"Wagtritious MACRO-MIN"},"content":{"rendered":"<section class=\"l-section wpb_row height_small\"><div class=\"l-section-h i-cf\"><div class=\"g-cols vc_row via_grid cols_1 laptops-cols_inherit tablets-cols_inherit mobiles-cols_1 valign_top type_default stacking_default\"><div class=\"wpb_column vc_column_container\"><div class=\"vc_column-inner\"><div class=\"wpb_text_column\"><div class=\"wpb_wrapper\"><p>Wagtritious MACRO-MIN es un suplemento de calcio de uso diario de fuente natural perfecta para perros. MACRO-MIN tiene un contenido mineral 100% e incluye 6 macominerales esenciales. Corrige los desequilibrios de calcio. Utilizar en lugar de Bone Meal. Utilizar con el suplemento nutritivo Wagtritious MULTI. Ciencia nutricional para comida casera.<\/p>\n<p>Desarrollado por <b>Dr. Edward Moser<\/b>, BS, MS, VMD<br \/>\nDiplomado, ACVIM (Nutrici\u00f3n)<br \/>\nNutricionista Veterinaria Certificada\u2122.<\/p>\n<\/div><\/div><\/div><\/div><\/div><\/div><\/section><section class=\"l-section wpb_row us_custom_f78888c0 hide_on_mobiles height_medium\"><div class=\"l-section-h i-cf\"><div class=\"g-cols vc_row via_grid cols_1 laptops-cols_inherit tablets-cols_inherit mobiles-cols_1 valign_top type_default stacking_default\"><div class=\"wpb_column vc_column_container\"><div class=\"vc_column-inner\"><div class=\"g-cols wpb_row us_custom_f78888c0 via_grid cols_1 laptops-cols_inherit tablets-cols_inherit mobiles-cols_1 valign_top type_default stacking_default\" style=\"--columns-gap:3rem;\"><div class=\"wpb_column vc_column_container\"><div class=\"vc_column-inner\"><div class=\"wpb_text_column\"><div class=\"wpb_wrapper\"><div>\n<p style=\"font-size: 14px;\"><strong>Categor\u00eda de productos<\/strong><br \/>\nSuplemento canino<\/p>\n<p style=\"font-size: 14px;\"><strong>Ingredientes<\/strong><br \/>\nFosfato tric\u00e1lcico, carbonato c\u00e1lcico, cloruro pot\u00e1sico, fosfato monos\u00f3dico, \u00f3xido de magnesio.<\/p>\n<\/div>\n<\/div><\/div><\/div><\/div><\/div><div class=\"g-cols wpb_row us_custom_3188818e via_grid cols_1 laptops-cols_inherit tablets-cols_inherit mobiles-cols_1 valign_top type_default stacking_default\" style=\"--columns-gap:3rem;\"><div class=\"wpb_column vc_column_container\"><div class=\"vc_column-inner\"><div class=\"wpb_text_column\"><div class=\"wpb_wrapper\"><div>\n<p style=\"font-size: 14px;\"><strong>An\u00e1lisis garantizados<\/strong><\/p>\n<\/div>\n<div style=\"margin-top: 10px;\">\n<table style=\"border-collapse: collapse; width: 50%; font-size: 14px;\" border=\"1\" cellspacing=\"0\" cellpadding=\"6\">\n<thead>\n<tr>\n<th colspan=\"2\" bgcolor=\"white\">MACRONUTRIENTES<\/th>\n<\/tr>\n<\/thead>\n<tbody>\n<tr>\n<td colspan=\"2\">Prote\u00edna bruta, m\u00edn. 0%; grasa bruta, m\u00edn. 0%; fibra bruta, m\u00e1x. 0%; humedad, m\u00e1x. 5%.<\/td>\n<\/tr>\n<\/tbody>\n<thead>\n<tr>\n<th colspan=\"2\" bgcolor=\"white\">NUTRIENTES ESENCIALES<\/th>\n<\/tr>\n<tr>\n<th colspan=\"2\">MACROMINERALES<\/th>\n<\/tr>\n<tr>\n<th bgcolor=\"white\">Nutrientes<\/th>\n<th bgcolor=\"white\">Por 6 g<\/th>\n<\/tr>\n<\/thead>\n<tbody>\n<tr>\n<td>Calcio, min<\/td>\n<td>24% \/ 1.440 mg<\/td>\n<\/tr>\n<tr>\n<td>Calcio, m\u00e1x.<\/td>\n<td>25% \/ 1.500 mg<\/td>\n<\/tr>\n<tr>\n<td>F\u00f3sforo, min<\/td>\n<td>7,5% \/ 450 mg<\/td>\n<\/tr>\n<tr>\n<td>Potasio, min<\/td>\n<td>10,5% \/ 630 mg<\/td>\n<\/tr>\n<tr>\n<td>Sodio, min<\/td>\n<td>3% \/ 180 mg<\/td>\n<\/tr>\n<tr>\n<td>Cloruro, min<\/td>\n<td>9,5% \/ 570 mg<\/td>\n<\/tr>\n<tr>\n<td>Magnesio, min<\/td>\n<td>2,3% \/ 138 mg<\/td>\n<\/tr>\n<\/tbody>\n<thead>\n<tr>\n<th bgcolor=\"white\">CONTENIDO CALOR\u00cdFICO (calculado)<\/th>\n<th bgcolor=\"white\">Por 6 g<\/th>\n<\/tr>\n<\/thead>\n<tbody>\n<tr>\n<td>0 kcal de energ\u00eda metabolizable (EM)\/kg<\/td>\n<td>0 kcal ME<\/td>\n<\/tr>\n<\/tbody>\n<\/table>\n<\/div>\n<p>&nbsp;<\/p>\n<\/div><\/div><\/div><\/div><\/div><div class=\"g-cols wpb_row us_custom_3188818e via_grid cols_1 laptops-cols_inherit tablets-cols_inherit mobiles-cols_1 valign_top type_default stacking_default\" style=\"--columns-gap:3rem;\"><div class=\"wpb_column vc_column_container\"><div class=\"vc_column-inner\"><div class=\"wpb_text_column\"><div class=\"wpb_wrapper\"><div>\n<p style=\"font-size: 14px; margin-bottom: 15px;\"><strong>Instrucciones de uso<\/strong><\/p>\n<\/div>\n<div>\n<ul>\n<li style=\"font-size: 14px;\">Mezclar bien los alimentos.<\/li>\n<li style=\"font-size: 14px;\">Comenzar con 1\/3 de porci\u00f3n para empezar y despu\u00e9s de 7-10 d\u00edas, aumentar la cantidad.<\/li>\n<li style=\"font-size: 14px;\">Puede mezclarse en la comida seg\u00fan el peso de la mascota para cada raci\u00f3n<\/li>\n<li style=\"font-size: 14px;\">O puede mezclarse en Batch Food por cantidad de peso de alimento.<\/li>\n<li style=\"font-size: 14px;\">Ver gr\u00e1ficos.<\/li>\n<\/ul>\n<\/div>\n<\/div><\/div><\/div><\/div><\/div><div class=\"g-cols wpb_row us_custom_2ae65f69 via_grid cols_1 laptops-cols_inherit tablets-cols_inherit mobiles-cols_1 valign_top type_default stacking_default\" style=\"--columns-gap:3rem;\"><div class=\"wpb_column vc_column_container\"><div class=\"vc_column-inner\"><div class=\"wpb_text_column\"><div class=\"wpb_wrapper\"><div style=\"font-size: 14px; margin-bottom: 10px;\"><strong>Importe Wagtritious: MACRO-MIN<\/strong><\/div>\n<div>\n<table style=\"border-collapse: collapse; width: 50%; font-size: 14px;\" border=\"1\" cellspacing=\"0\" cellpadding=\"6\">\n<thead>\n<tr>\n<th>Peso de la mascota<\/th>\n<th colspan=\"3\">Importe de uso<\/th>\n<\/tr>\n<tr style=\"font-weight: bold;\">\n<td>Lb<\/td>\n<td>Gramos<\/td>\n<td>Oz<\/td>\n<td>Cucharilla<\/td>\n<\/tr>\n<\/thead>\n<tbody>\n<tr>\n<td>10<\/td>\n<td>1.2<\/td>\n<td>0.04<\/td>\n<td>1\/4<\/td>\n<\/tr>\n<tr>\n<td>20<\/td>\n<td>2.4<\/td>\n<td>0.09<\/td>\n<td>1\/3<\/td>\n<\/tr>\n<tr>\n<td>30<\/td>\n<td>3.6<\/td>\n<td>0.13<\/td>\n<td>1\/2<\/td>\n<\/tr>\n<tr>\n<td>40<\/td>\n<td>4.8<\/td>\n<td>0.17<\/td>\n<td>2\/3<\/td>\n<\/tr>\n<tr>\n<td>50<\/td>\n<td>6.0<\/td>\n<td>0.22<\/td>\n<td>7\/8<\/td>\n<\/tr>\n<tr>\n<td>60<\/td>\n<td>7.2<\/td>\n<td>0.26<\/td>\n<td>1<\/td>\n<\/tr>\n<tr>\n<td>70<\/td>\n<td>8.4<\/td>\n<td>0.30<\/td>\n<td>1 1\/4<\/td>\n<\/tr>\n<tr>\n<td>80<\/td>\n<td>9.6<\/td>\n<td>0.35<\/td>\n<td>1 1\/3<\/td>\n<\/tr>\n<tr>\n<td>90<\/td>\n<td>10.8<\/td>\n<td>0.39<\/td>\n<td>1 1\/2<\/td>\n<\/tr>\n<tr>\n<td>100<\/td>\n<td>12.0<\/td>\n<td>0.43<\/td>\n<td>1 2\/3<\/td>\n<\/tr>\n<\/tbody>\n<\/table>\n<\/div>\n<div style=\"margin-top: 10px; line-height: 100%;\">\n<p style=\"font-size: 12px;\">1,2 gramos por cada 10 libras de peso de la mascota<br \/>\n1\/4 cucharadita por cada 10 libras de peso de la mascota<\/p>\n<\/div>\n<div class=\"section-title\" style=\"font-size: 14px; margin-top: 15px; margin-bottom: 15px;\"><strong>Importe Wagtritious (Lote): MACRO-MIN<br \/>\n<\/strong><\/div>\n<p><!-- Second Table --><\/p>\n<div>\n<table style=\"border-collapse: collapse; width: 50%; font-size: 14px;\" border=\"1\" cellspacing=\"0\" cellpadding=\"6\">\n<tbody>\n<tr>\n<th colspan=\"3\">Cantidad de comida elaborada<\/th>\n<th colspan=\"3\">Importe de uso<\/th>\n<\/tr>\n<tr style=\"font-weight: bold;\">\n<td>Lb<\/td>\n<td>Oz<\/td>\n<td>Gramos<\/td>\n<td>Gramos por libra<\/td>\n<td>Oz<\/td>\n<td>Cucharilla<\/td>\n<\/tr>\n<\/tbody>\n<tbody>\n<tr>\n<td>1<\/td>\n<td>16<\/td>\n<td>454<\/td>\n<td>4.8<\/td>\n<td>0.17<\/td>\n<td>2\/3<\/td>\n<\/tr>\n<tr>\n<td>2<\/td>\n<td>32<\/td>\n<td>907<\/td>\n<td>9.6<\/td>\n<td>0.34<\/td>\n<td>1 1\/3<\/td>\n<\/tr>\n<tr>\n<td>3<\/td>\n<td>48<\/td>\n<td>1,361<\/td>\n<td>14.4<\/td>\n<td>0.50<\/td>\n<td>2<\/td>\n<\/tr>\n<tr>\n<td>4<\/td>\n<td>64<\/td>\n<td>1,814<\/td>\n<td>19.2<\/td>\n<td>0.67<\/td>\n<td>2 2\/3<\/td>\n<\/tr>\n<tr>\n<td>5<\/td>\n<td>80<\/td>\n<td>2,268<\/td>\n<td>24.0<\/td>\n<td>0.84<\/td>\n<td>3 1\/3<\/td>\n<\/tr>\n<tr>\n<td>6<\/td>\n<td>96<\/td>\n<td>2,722<\/td>\n<td>28.8<\/td>\n<td>1.01<\/td>\n<td>4<\/td>\n<\/tr>\n<\/tbody>\n<\/table>\n<\/div>\n<div style=\"margin-top: 10px; line-height: 100%;\">\n<p style=\"font-size: 12px;\">28,8 gramos por 2722 gramos de alimento<br \/>\n4 cucharaditas por cada 2 kg de alimento<br \/>\n4,8 g por libra de alimento<br \/>\n2\/3 de cucharadita por libra de alimento<\/p>\n<\/div>\n<div>\n<p style=\"font-size: 14px; padding-top: 15px;\"><strong>Al utilizar Total Pet Kitchen:<\/strong><br \/>\nPara un lote completo de 6 libras de comida a\u00f1ada 28 gramos ( 4 cucharaditas)<br \/>\nPor cada libra de alimento a\u00f1ada 4,8 gramos o 2\/3 de cucharadita.<br \/>\n*Las cantidades est\u00e1n calculadas y se acepta el redondeo a cucharaditas enteras.<\/p>\n<\/div>\n<div>\n<p style=\"font-size: 14px; padding-top: 15px;\"><strong>Garant\u00eda y asistencia<\/strong><br \/>\nProductos WYSE <a href=\"https:\/\/www.totalpetkitchen.com\/es\/devolucion-reembolso\/\" target=\"_blank\" rel=\"noopener\">Garant\u00eda de devoluci\u00f3n de 30 d\u00edas<\/a>: Puede devolver muchos art\u00edculos que haya comprado en un plazo de 30 d\u00edas tras la entrega del art\u00edculo. WYSE Products ofrece un a\u00f1o de garant\u00eda a partir de la fecha de compra. Para obtener informaci\u00f3n sobre la garant\u00eda de este producto, por favor <a href=\"https:\/\/www.totalpetkitchen.com\/es\/garantia-2\/\" target=\"_blank\" rel=\"noopener\">pulse aqu\u00ed<\/a>.<\/p>\n<\/div>\n<\/div><\/div><\/div><\/div><\/div><\/div><\/div><\/div><\/div><\/section><section class=\"l-section wpb_row us_custom_f78888c0 hide_on_default hide_on_laptops hide_on_tablets height_medium\"><div class=\"l-section-h i-cf\"><div class=\"g-cols vc_row via_grid cols_1 laptops-cols_inherit tablets-cols_inherit mobiles-cols_1 valign_top type_default stacking_default\"><div class=\"wpb_column vc_column_container\"><div class=\"vc_column-inner\"><div class=\"g-cols wpb_row us_custom_f78888c0 via_grid cols_1 laptops-cols_inherit tablets-cols_inherit mobiles-cols_1 valign_top type_default stacking_default\" style=\"--columns-gap:3rem;\"><div class=\"wpb_column vc_column_container\"><div class=\"vc_column-inner\"><div class=\"wpb_text_column\"><div class=\"wpb_wrapper\"><div>\n<p style=\"font-size: 14px;\"><strong>Categor\u00eda de productos<\/strong><br \/>\nSuplemento canino<\/p>\n<p style=\"font-size: 14px;\"><strong>Ingredientes<\/strong><br \/>\nFosfato tric\u00e1lcico, carbonato c\u00e1lcico, cloruro pot\u00e1sico, fosfato monos\u00f3dico, \u00f3xido de magnesio.<\/p>\n<\/div>\n<\/div><\/div><\/div><\/div><\/div><div class=\"g-cols wpb_row us_custom_3188818e via_grid cols_1 laptops-cols_inherit tablets-cols_inherit mobiles-cols_1 valign_top type_default stacking_default\" style=\"--columns-gap:3rem;\"><div class=\"wpb_column vc_column_container\"><div class=\"vc_column-inner\"><div class=\"wpb_text_column\"><div class=\"wpb_wrapper\"><div>\n<p style=\"font-size: 14px;\"><strong>An\u00e1lisis garantizados<\/strong><\/p>\n<\/div>\n<div style=\"margin-top: 10px;\">\n<table style=\"border-collapse: collapse; width: 90%; font-size: 14px;\" border=\"1\" cellspacing=\"0\" cellpadding=\"6\">\n<thead>\n<tr>\n<th colspan=\"2\" bgcolor=\"white\">MACRONUTRIENTES<\/th>\n<\/tr>\n<\/thead>\n<tbody>\n<tr>\n<td colspan=\"2\">Prote\u00edna bruta, m\u00edn. 0%; grasa bruta, m\u00edn. 0%; fibra bruta, m\u00e1x. 0%; humedad, m\u00e1x. 5%.<\/td>\n<\/tr>\n<\/tbody>\n<thead>\n<tr>\n<th colspan=\"2\" bgcolor=\"white\">NUTRIENTES ESENCIALES<\/th>\n<\/tr>\n<tr>\n<th colspan=\"2\">MACROMINERALES<\/th>\n<\/tr>\n<tr>\n<th bgcolor=\"white\">Nutrientes<\/th>\n<th bgcolor=\"white\">Por 6 g<\/th>\n<\/tr>\n<\/thead>\n<tbody>\n<tr>\n<td>Calcio, min<\/td>\n<td>24% \/ 1.440 mg<\/td>\n<\/tr>\n<tr>\n<td>Calcio, m\u00e1x.<\/td>\n<td>25% \/ 1.500 mg<\/td>\n<\/tr>\n<tr>\n<td>F\u00f3sforo, min<\/td>\n<td>7,5% \/ 450 mg<\/td>\n<\/tr>\n<tr>\n<td>Potasio, min<\/td>\n<td>10,5% \/ 630 mg<\/td>\n<\/tr>\n<tr>\n<td>Sodio, min<\/td>\n<td>3% \/ 180 mg<\/td>\n<\/tr>\n<tr>\n<td>Cloruro, min<\/td>\n<td>9,5% \/ 570 mg<\/td>\n<\/tr>\n<tr>\n<td>Magnesio, min<\/td>\n<td>2,3% \/ 138 mg<\/td>\n<\/tr>\n<\/tbody>\n<thead>\n<tr>\n<th bgcolor=\"white\">CONTENIDO CALOR\u00cdFICO (calculado)<\/th>\n<th bgcolor=\"white\">Por 6 g<\/th>\n<\/tr>\n<\/thead>\n<tbody>\n<tr>\n<td>0 kcal de energ\u00eda metabolizable (EM)\/kg<\/td>\n<td>0 kcal ME<\/td>\n<\/tr>\n<\/tbody>\n<\/table>\n<\/div>\n<\/div><\/div><\/div><\/div><\/div><div class=\"g-cols wpb_row us_custom_3188818e via_grid cols_1 laptops-cols_inherit tablets-cols_inherit mobiles-cols_1 valign_top type_default stacking_default\" style=\"--columns-gap:3rem;\"><div class=\"wpb_column vc_column_container\"><div class=\"vc_column-inner\"><div class=\"wpb_text_column\"><div class=\"wpb_wrapper\"><div>\n<p style=\"font-size: 14px; margin-bottom: 15px;\"><strong>Instrucciones de uso<\/strong><\/p>\n<\/div>\n<div>ul.custom-list {<br \/>\nfont-size: 14px;<br \/>\naltura de l\u00ednea: 1; \/* espaciado m\u00e1s corto *\/<br \/>\nmargen: 0;<br \/>\npadding-left: 20px; \/* sangr\u00eda de vi\u00f1eta est\u00e1ndar *\/<br \/>\n}ul.custom-list li {<br \/>\nmargin-bottom: 4px; \/* adjust for closer spacing *\/<br \/>\n}<\/p>\n<ul>\n<li style=\"font-size: 14px;\">Mezclar bien los alimentos.<\/li>\n<li style=\"font-size: 14px;\">Comenzar con 1\/3 de porci\u00f3n para empezar y despu\u00e9s de 7-10 d\u00edas, aumentar la cantidad.<\/li>\n<li style=\"font-size: 14px;\">Puede mezclarse en la comida seg\u00fan el peso de la mascota para cada raci\u00f3n<\/li>\n<li style=\"font-size: 14px;\">O puede mezclarse en Batch Food por cantidad de peso de alimento.<\/li>\n<li style=\"font-size: 14px;\">Ver gr\u00e1ficos.<\/li>\n<\/ul>\n<\/div>\n<\/div><\/div><\/div><\/div><\/div><div class=\"g-cols wpb_row us_custom_2ae65f69 via_grid cols_1 laptops-cols_inherit tablets-cols_inherit mobiles-cols_1 valign_top type_default stacking_default\" style=\"--columns-gap:3rem;\"><div class=\"wpb_column vc_column_container\"><div class=\"vc_column-inner\"><div class=\"wpb_text_column\"><div class=\"wpb_wrapper\"><div style=\"font-size: 14px; margin-bottom: 10px;\"><strong>Importe Wagtritious: MACRO-MIN<\/strong><\/div>\n<div>\n<table style=\"border-collapse: collapse; width: 90%; font-size: 14px;\" border=\"1\" cellspacing=\"0\" cellpadding=\"6\">\n<thead>\n<tr>\n<th>Peso de la mascota<\/th>\n<th colspan=\"3\">Importe de uso<\/th>\n<\/tr>\n<tr style=\"font-weight: bold;\">\n<td>Lb<\/td>\n<td>Gramos<\/td>\n<td>Oz<\/td>\n<td>Cucharilla<\/td>\n<\/tr>\n<\/thead>\n<tbody>\n<tr>\n<td>10<\/td>\n<td>1.2<\/td>\n<td>0.04<\/td>\n<td>1\/4<\/td>\n<\/tr>\n<tr>\n<td>20<\/td>\n<td>2.4<\/td>\n<td>0.09<\/td>\n<td>1\/3<\/td>\n<\/tr>\n<tr>\n<td>30<\/td>\n<td>3.6<\/td>\n<td>0.13<\/td>\n<td>1\/2<\/td>\n<\/tr>\n<tr>\n<td>40<\/td>\n<td>4.8<\/td>\n<td>0.17<\/td>\n<td>2\/3<\/td>\n<\/tr>\n<tr>\n<td>50<\/td>\n<td>6.0<\/td>\n<td>0.22<\/td>\n<td>7\/8<\/td>\n<\/tr>\n<tr>\n<td>60<\/td>\n<td>7.2<\/td>\n<td>0.26<\/td>\n<td>1<\/td>\n<\/tr>\n<tr>\n<td>70<\/td>\n<td>8.4<\/td>\n<td>0.30<\/td>\n<td>1 1\/4<\/td>\n<\/tr>\n<tr>\n<td>80<\/td>\n<td>9.6<\/td>\n<td>0.35<\/td>\n<td>1 1\/3<\/td>\n<\/tr>\n<tr>\n<td>90<\/td>\n<td>10.8<\/td>\n<td>0.39<\/td>\n<td>1 1\/2<\/td>\n<\/tr>\n<tr>\n<td>100<\/td>\n<td>12.0<\/td>\n<td>0.43<\/td>\n<td>1 2\/3<\/td>\n<\/tr>\n<\/tbody>\n<\/table>\n<\/div>\n<div style=\"margin-top: 10px; line-height: 100%;\">\n<p style=\"font-size: 12px;\">1,2 gramos por cada 10 libras de peso de la mascota<br \/>\n1\/4 cucharadita por cada 10 libras de peso de la mascota<\/p>\n<\/div>\n<div class=\"section-title\" style=\"font-size: 14px; margin-top: 15px; margin-bottom: 15px;\"><strong>Importe Wagtritious (Lote): MACRO-MIN<br \/>\n<\/strong><\/div>\n<p><!-- Second Table --><\/p>\n<div>\n<table style=\"border-collapse: collapse; width: 100%; font-size: 12px;\" border=\"1\" cellspacing=\"0\" cellpadding=\"1\">\n<tbody>\n<tr>\n<th colspan=\"3\">Cantidad de comida elaborada<\/th>\n<th colspan=\"3\">Importe de uso<\/th>\n<\/tr>\n<tr style=\"font-weight: bold;\">\n<td>Lb<\/td>\n<td>Oz<\/td>\n<td>Gramos<\/td>\n<td>Gramos por libra<\/td>\n<td>Oz<\/td>\n<td>Cucharilla<\/td>\n<\/tr>\n<\/tbody>\n<tbody>\n<tr>\n<td>1<\/td>\n<td>16<\/td>\n<td>454<\/td>\n<td>4.8<\/td>\n<td>0.17<\/td>\n<td>2\/3<\/td>\n<\/tr>\n<tr>\n<td>2<\/td>\n<td>32<\/td>\n<td>907<\/td>\n<td>9.6<\/td>\n<td>0.34<\/td>\n<td>1 1\/3<\/td>\n<\/tr>\n<tr>\n<td>3<\/td>\n<td>48<\/td>\n<td>1,361<\/td>\n<td>14.4<\/td>\n<td>0.50<\/td>\n<td>2<\/td>\n<\/tr>\n<tr>\n<td>4<\/td>\n<td>64<\/td>\n<td>1,814<\/td>\n<td>19.2<\/td>\n<td>0.67<\/td>\n<td>2 2\/3<\/td>\n<\/tr>\n<tr>\n<td>5<\/td>\n<td>80<\/td>\n<td>2,268<\/td>\n<td>24.0<\/td>\n<td>0.84<\/td>\n<td>3 1\/3<\/td>\n<\/tr>\n<tr>\n<td>6<\/td>\n<td>96<\/td>\n<td>2,722<\/td>\n<td>28.8<\/td>\n<td>1.01<\/td>\n<td>4<\/td>\n<\/tr>\n<\/tbody>\n<\/table>\n<\/div>\n<div style=\"margin-top: 10px; line-height: 100%;\">\n<p style=\"font-size: 12px;\">28,8 gramos por 2722 gramos de alimento<br \/>\n4 cucharaditas por cada 2 kg de alimento<br \/>\n4,8 g por libra de alimento<br \/>\n2\/3 de cucharadita por libra de alimento<\/p>\n<\/div>\n<div>\n<p style=\"font-size: 14px; padding-top: 15px;\"><strong>Al utilizar Total Pet Kitchen:<\/strong><br \/>\nPara un lote completo de 6 libras de comida a\u00f1ada 28 gramos ( 4 cucharaditas)<br \/>\nPor cada libra de alimento a\u00f1ada 4,8 gramos o 2\/3 de cucharadita.<br \/>\n*Las cantidades est\u00e1n calculadas y se acepta el redondeo a cucharaditas enteras.<\/p>\n<\/div>\n<div>\n<p style=\"font-size: 14px; padding-top: 15px;\"><strong>Garant\u00eda y asistencia<\/strong><br \/>\nProductos WYSE <a href=\"https:\/\/www.totalpetkitchen.com\/es\/devolucion-reembolso\/\" target=\"_blank\" rel=\"noopener\">Garant\u00eda de devoluci\u00f3n de 30 d\u00edas<\/a>: Puede devolver muchos art\u00edculos que haya comprado en un plazo de 30 d\u00edas tras la entrega del art\u00edculo. WYSE Products ofrece un a\u00f1o de garant\u00eda a partir de la fecha de compra. Para obtener informaci\u00f3n sobre la garant\u00eda de este producto, por favor <a href=\"https:\/\/www.totalpetkitchen.com\/es\/garantia-2\/\" target=\"_blank\" rel=\"noopener\">pulse aqu\u00ed<\/a>.<\/p>\n<\/div>\n<\/div><\/div><\/div><\/div><\/div><\/div><\/div><\/div><\/div><\/section><section class=\"l-section wpb_row us_custom_f78888c0 height_auto\"><div class=\"l-section-h i-cf\"><div class=\"g-cols vc_row via_grid cols_1 laptops-cols_inherit tablets-cols_inherit mobiles-cols_1 valign_top type_default stacking_default\"><div class=\"wpb_column vc_column_container\"><div class=\"vc_column-inner\"><div class=\"g-cols wpb_row via_grid cols_1 laptops-cols_inherit tablets-cols_inherit mobiles-cols_1 valign_top type_default stacking_default\" style=\"--columns-gap:3rem;\"><div class=\"wpb_column vc_column_container\"><div class=\"vc_column-inner\"><\/div><\/div><\/div><\/div><\/div><\/div><\/div><\/section>","protected":false},"excerpt":{"rendered":"<p>Suplemento diario equilibrado de calcio para perros<\/p>\n<p>Para utilizar con Wagtritious MULTI<\/p>\n<p style=\"font-size: 20px\"><strong>Env\u00edo gratuito<\/strong><\/p>","protected":false},"featured_media":9982,"comment_status":"open","ping_status":"closed","template":"","meta":{"_acf_changed":false},"product_brand":[],"product_cat":[123],"product_tag":[],"class_list":{"0":"post-9969","1":"product","2":"type-product","3":"status-publish","4":"has-post-thumbnail","6":"product_cat-pet-supplements","7":"product_shipping_class-free-shipping","9":"first","10":"outofstock","11":"taxable","12":"shipping-taxable","13":"purchasable","14":"product-type-simple"},"acf":[],"aioseo_notices":[],"_links":{"self":[{"href":"https:\/\/www.totalpetkitchen.com\/es\/wp-json\/wp\/v2\/product\/9969","targetHints":{"allow":["GET"]}}],"collection":[{"href":"https:\/\/www.totalpetkitchen.com\/es\/wp-json\/wp\/v2\/product"}],"about":[{"href":"https:\/\/www.totalpetkitchen.com\/es\/wp-json\/wp\/v2\/types\/product"}],"replies":[{"embeddable":true,"href":"https:\/\/www.totalpetkitchen.com\/es\/wp-json\/wp\/v2\/comments?post=9969"}],"wp:featuredmedia":[{"embeddable":true,"href":"https:\/\/www.totalpetkitchen.com\/es\/wp-json\/wp\/v2\/media\/9982"}],"wp:attachment":[{"href":"https:\/\/www.totalpetkitchen.com\/es\/wp-json\/wp\/v2\/media?parent=9969"}],"wp:term":[{"taxonomy":"product_brand","embeddable":true,"href":"https:\/\/www.totalpetkitchen.com\/es\/wp-json\/wp\/v2\/product_brand?post=9969"},{"taxonomy":"product_cat","embeddable":true,"href":"https:\/\/www.totalpetkitchen.com\/es\/wp-json\/wp\/v2\/product_cat?post=9969"},{"taxonomy":"product_tag","embeddable":true,"href":"https:\/\/www.totalpetkitchen.com\/es\/wp-json\/wp\/v2\/product_tag?post=9969"}],"curies":[{"name":"wp","href":"https:\/\/api.w.org\/{rel}","templated":true}]}}